{"id":5186,"date":"2025-06-30T09:56:14","date_gmt":"2025-06-30T14:56:14","guid":{"rendered":"https:\/\/cgp.org.pe\/web\/?page_id=5186"},"modified":"2025-06-30T09:56:14","modified_gmt":"2025-06-30T14:56:14","slug":"minam-publica-proyecto-de-lineamientos-para-el-modelamiento-de-dispersion-de-contaminantes-atmosfericos-en-el-marco-del-seia","status":"publish","type":"page","link":"https:\/\/cgp.org.pe\/web\/minam-publica-proyecto-de-lineamientos-para-el-modelamiento-de-dispersion-de-contaminantes-atmosfericos-en-el-marco-del-seia\/","title":{"rendered":"MINAM publica proyecto de Lineamientos para el modelamiento de dispersi\u00f3n de contaminantes atmosf\u00e9ricos en el marco del SEIA"},"content":{"rendered":"<p data-start=\"215\" data-end=\"656\">El Ministerio del Ambiente (MINAM) ha dado un paso importante hacia el fortalecimiento de la gesti\u00f3n ambiental en el pa\u00eds al publicar, mediante la <em data-start=\"394\" data-end=\"439\">Resoluci\u00f3n Ministerial N.\u00ba 00174-2025-MINAM<\/em>, el proyecto de <em data-start=\"456\" data-end=\"576\">Lineamientos para la elaboraci\u00f3n de documentos t\u00e9cnicos sobre modelamiento de dispersi\u00f3n de contaminantes atmosf\u00e9ricos<\/em>, en el marco del <em data-start=\"594\" data-end=\"655\">Sistema Nacional de Evaluaci\u00f3n del Impacto Ambiental (SEIA)<\/em>.<\/p>\n<p data-start=\"658\" data-end=\"1146\">El modelamiento de dispersi\u00f3n de contaminantes atmosf\u00e9ricos es una herramienta fundamental en la evaluaci\u00f3n ambiental, ya que permite simular, a trav\u00e9s de m\u00e9todos computacionales, el comportamiento y la distribuci\u00f3n de sustancias contaminantes en la atm\u00f3sfera. Este proceso busca identificar y predecir los posibles impactos sobre la salud de las personas y el medio ambiente, permitiendo dise\u00f1ar estrategias eficaces para la prevenci\u00f3n, control y mitigaci\u00f3n de la contaminaci\u00f3n del aire.<\/p>\n<p data-start=\"1148\" data-end=\"1426\">Con la publicaci\u00f3n de este proyecto normativo, el MINAM busca proporcionar lineamientos t\u00e9cnicos claros que orienten la elaboraci\u00f3n de estudios ambientales m\u00e1s rigurosos y consistentes, especialmente en sectores con actividades que generan emisiones atmosf\u00e9ricas significativas.<\/p>\n<p data-start=\"1428\" data-end=\"1666\">La ciudadan\u00eda y los actores del sector ambiental pueden revisar el contenido completo de la Resoluci\u00f3n y participar en el proceso de retroalimentaci\u00f3n, aportando comentarios y sugerencias que contribuyan a su mejora y aplicaci\u00f3n efectiva.<\/p>\n<p data-start=\"1668\" data-end=\"1769\">\ud83d\udce5 Descarga de la Resoluci\u00f3n Ministerial N\u00ba 00174-2025-MINAM, versi\u00f3n Diario El Peruano. <a class=\"link\" href=\"https:\/\/www.linkedin.com\/redir\/redirect?url=https%3A%2F%2Flnkd%2Ein%2FebJ6mtgk&amp;urlhash=OX65&amp;trk=public_post-text\" target=\"_self\" rel=\"nofollow\" data-tracking-control-name=\"public_post-text\" data-tracking-will-navigate=\"\">https:\/\/lnkd.in\/ebJ6mtgk<\/a><\/p>\n","protected":false},"excerpt":{"rendered":"<p>El Ministerio del Ambiente (MINAM) ha dado un paso importante hacia el fortalecimiento de la gesti\u00f3n ambiental en el pa\u00eds al publicar, mediante la Resoluci\u00f3n Ministerial N.\u00ba 00174-2025-MINAM, el proyecto de Lineamientos para la elaboraci\u00f3n de documentos t\u00e9cnicos sobre modelamiento de dispersi\u00f3n de contaminantes atmosf\u00e9ricos, en el marco del Sistema Nacional de Evaluaci\u00f3n del Impacto [&hellip;]<\/p>\n","protected":false},"author":2,"featured_media":5162,"parent":0,"menu_order":0,"comment_status":"closed","ping_status":"closed","template":"","meta":{"_et_pb_use_builder":"","_et_pb_old_content":"","_et_gb_content_width":"","footnotes":""},"class_list":["post-5186","page","type-page","status-publish","has-post-thumbnail","hentry"],"_links":{"self":[{"href":"https:\/\/cgp.org.pe\/web\/wp-json\/wp\/v2\/pages\/5186","targetHints":{"allow":["GET"]}}],"collection":[{"href":"https:\/\/cgp.org.pe\/web\/wp-json\/wp\/v2\/pages"}],"about":[{"href":"https:\/\/cgp.org.pe\/web\/wp-json\/wp\/v2\/types\/page"}],"author":[{"embeddable":true,"href":"https:\/\/cgp.org.pe\/web\/wp-json\/wp\/v2\/users\/2"}],"replies":[{"embeddable":true,"href":"https:\/\/cgp.org.pe\/web\/wp-json\/wp\/v2\/comments?post=5186"}],"version-history":[{"count":1,"href":"https:\/\/cgp.org.pe\/web\/wp-json\/wp\/v2\/pages\/5186\/revisions"}],"predecessor-version":[{"id":5187,"href":"https:\/\/cgp.org.pe\/web\/wp-json\/wp\/v2\/pages\/5186\/revisions\/5187"}],"wp:featuredmedia":[{"embeddable":true,"href":"https:\/\/cgp.org.pe\/web\/wp-json\/wp\/v2\/media\/5162"}],"wp:attachment":[{"href":"https:\/\/cgp.org.pe\/web\/wp-json\/wp\/v2\/media?parent=5186"}],"curies":[{"name":"wp","href":"https:\/\/api.w.org\/{rel}","templated":true}]}}