{"id":500,"date":"2021-12-30T12:50:53","date_gmt":"2021-12-30T12:50:53","guid":{"rendered":"https:\/\/cgp.org.pe\/web\/?page_id=500"},"modified":"2024-12-03T16:06:21","modified_gmt":"2024-12-03T21:06:21","slug":"boletin-02","status":"publish","type":"page","link":"https:\/\/cgp.org.pe\/web\/boletin\/boletin-02\/","title":{"rendered":"Bolet\u00edn 2"},"content":{"rendered":"<p>[et_pb_section fb_built=\u00bb1&#8243; _builder_version=\u00bb4.5.6&#8243; _module_preset=\u00bbdefault\u00bb custom_padding=\u00bb4px||0px|||\u00bb][et_pb_row column_structure=\u00bb1_4,1_2,1_4&#8243; use_custom_gutter=\u00bbon\u00bb gutter_width=\u00bb1&#8243; make_equal=\u00bbon\u00bb _builder_version=\u00bb4.5.6&#8243; _module_preset=\u00bbdefault\u00bb width=\u00bb101%\u00bb max_width=\u00bb2560px\u00bb custom_margin=\u00bb-8px|auto||auto|false|false\u00bb custom_padding=\u00bb2px||0px|||\u00bb animation_style=\u00bbfade\u00bb animation_direction=\u00bbtop\u00bb][et_pb_column type=\u00bb1_4&#8243; _builder_version=\u00bb4.5.6&#8243; _module_preset=\u00bbdefault\u00bb background_color=\u00bb#2E4C40&#8243; background_image=\u00bbhttp:\/\/cgp.org.pe\/web\/wp-content\/uploads\/2021\/12\/b2.jpg\u00bb background_size=\u00bbcontain\u00bb custom_padding=\u00bb||||false|false\u00bb][et_pb_image src=\u00bbhttp:\/\/cgp.org.pe\/web\/wp-content\/uploads\/2021\/12\/b2.jpg\u00bb title_text=\u00bbb2&#8243; force_fullwidth=\u00bbon\u00bb disabled_on=\u00bboff|off|on\u00bb _builder_version=\u00bb4.5.6&#8243; _module_preset=\u00bbdefault\u00bb][\/et_pb_image][\/et_pb_column][et_pb_column type=\u00bb1_2&#8243; _builder_version=\u00bb4.5.6&#8243; _module_preset=\u00bbdefault\u00bb custom_padding=\u00bb3%|0%||4%|false|false\u00bb custom_padding_tablet=\u00bb50px|35px|35px|35px|false|false\u00bb custom_padding_phone=\u00bb50px|35px|35px|35px|false|false\u00bb custom_padding_last_edited=\u00bbon|phone\u00bb][et_pb_text _builder_version=\u00bb4.5.6&#8243; _module_preset=\u00bbdefault\u00bb text_text_color=\u00bb#000000&#8243; header_font=\u00bb||||||||\u00bb header_text_color=\u00bb#000000&#8243; header_font_size=\u00bb55px\u00bb header_letter_spacing=\u00bb3px\u00bb header_3_font=\u00bbCourgette||||||||\u00bb header_3_font_size=\u00bb26px\u00bb custom_padding=\u00bb|5px|||false|false\u00bb border_width_bottom=\u00bb3px\u00bb border_color_bottom=\u00bb#fec306&#8243;]<\/p>\n<h1><span style=\"color: #ffffff;\">Bolet\u00edn N\u00ba2<\/span><\/h1>\n<p>[\/et_pb_text][et_pb_text _builder_version=\u00bb4.5.6&#8243; _module_preset=\u00bbdefault\u00bb text_font=\u00bbABeeZee|800|||||||\u00bb header_font=\u00bb||||||||\u00bb header_font_size=\u00bb50px\u00bb header_letter_spacing=\u00bb3px\u00bb header_3_font=\u00bbOpen Sans|700||||on|||\u00bb header_3_font_size=\u00bb24px\u00bb custom_padding=\u00bb12px|5px|||false|false\u00bb]<\/p>\n<h3><span style=\"color: #ffffff;\">ISSN 2411-6890<\/span><\/h3>\n<p>[\/et_pb_text][et_pb_text _builder_version=\u00bb4.5.6&#8243; _module_preset=\u00bbdefault\u00bb text_font_size=\u00bb17px\u00bb header_font=\u00bb||||||||\u00bb header_font_size=\u00bb50px\u00bb header_letter_spacing=\u00bb3px\u00bb header_3_font=\u00bbCourgette||||||||\u00bb header_3_font_size=\u00bb26px\u00bb custom_padding=\u00bb12px|34px||31px|false|false\u00bb min_height=\u00bb201.6px\u00bb]<\/p>\n<p style=\"text-align: justify;\"><span style=\"color: #ffffff;\">El segundo n\u00famero del bolet\u00edn del Colegio de Ge\u00f3grafos del Per\u00fa trae una novedad. A partir de esta edici\u00f3n tenemos un ISSN (International Standard Serial Number \/ N\u00famero Internacional Normalizado de Publicaciones Seriadas), c\u00f3digo num\u00e9rico reconocido internacionalmente para la identificaci\u00f3n de publicaciones seriadas. Esta es una muestra de nuestro compromiso por convertir a este bolet\u00edn en un documento informativo con calidad y reconocimiento nacional e internacional. Es por ello que seguimos ajustando detalles para que los lectores tengan un documento con informaci\u00f3n actual y con la participaci\u00f3n de colaboradores peruanos y extranjeros.<\/span><\/p>\n<p>[\/et_pb_text][et_pb_button button_url=\u00bbhttps:\/\/cgp.org.pe\/publicaciones\/boletin2\/B2.pdf\u00bb button_text=\u00bbdescargar bolet\u00edn\u00bb button_alignment=\u00bbright\u00bb _builder_version=\u00bb4.5.6&#8243; _module_preset=\u00bbdefault\u00bb custom_button=\u00bbon\u00bb button_text_size=\u00bb25px\u00bb button_text_color=\u00bb#000000&#8243; button_bg_color=\u00bb#fec306&#8243; button_border_width=\u00bb0px\u00bb button_border_radius=\u00bb0px\u00bb button_font=\u00bbAnton||||||||\u00bb button_use_icon=\u00bboff\u00bb custom_margin=\u00bb21px||20px||false|false\u00bb button_text_color__hover_enabled=\u00bbon|hover\u00bb button_bg_color__hover_enabled=\u00bbon|hover\u00bb button_bg_color__hover=\u00bb#000000&#8243; button_bg_enable_color__hover=\u00bbon\u00bb button_text_color__hover=\u00bb#ffffff\u00bb][\/et_pb_button][\/et_pb_column][et_pb_column type=\u00bb1_4&#8243; _builder_version=\u00bb4.5.6&#8243; _module_preset=\u00bbdefault\u00bb custom_padding=\u00bb3%|3%||1%|false|false\u00bb custom_padding_tablet=\u00bb||35px||false|false\u00bb custom_padding_phone=\u00bb||35px||false|false\u00bb custom_padding_last_edited=\u00bbon|phone\u00bb][et_pb_image src=\u00bbhttp:\/\/cgp.org.pe\/web\/wp-content\/uploads\/2021\/12\/fotos2.png\u00bb title_text=\u00bbfotos2&#8243; _builder_version=\u00bb4.5.6&#8243; _module_preset=\u00bbdefault\u00bb custom_margin=\u00bb-3px||||false|false\u00bb custom_padding=\u00bb0px||0px|||\u00bb][\/et_pb_image][\/et_pb_column][\/et_pb_row][\/et_pb_section][et_pb_section fb_built=\u00bb1&#8243; _builder_version=\u00bb4.5.6&#8243; _module_preset=\u00bbdefault\u00bb background_color=\u00bb#000000&#8243; custom_margin=\u00bb0px|||||\u00bb custom_padding=\u00bb16px||39px|||\u00bb top_divider_style=\u00bbarrow\u00bb top_divider_color=\u00bb#fec306&#8243; top_divider_height=\u00bb134px\u00bb animation_style=\u00bbfade\u00bb animation_direction=\u00bbtop\u00bb][et_pb_row _builder_version=\u00bb4.5.6&#8243; _module_preset=\u00bbdefault\u00bb custom_margin=\u00bb|auto|-5px|auto||\u00bb custom_padding=\u00bb14px||15px|||\u00bb][et_pb_column type=\u00bb4_4&#8243; _builder_version=\u00bb4.5.6&#8243; _module_preset=\u00bbdefault\u00bb][et_pb_text _builder_version=\u00bb4.5.6&#8243; _module_preset=\u00bbdefault\u00bb header_font=\u00bb|300|||||||\u00bb header_text_color=\u00bb#000000&#8243; header_font_size=\u00bb44px\u00bb]<\/p>\n<h1 style=\"text-align: center;\"><span style=\"color: #ffffff;\">Contenido<\/span><\/h1>\n<p>[\/et_pb_text][\/et_pb_column][\/et_pb_row][\/et_pb_section][et_pb_section fb_built=\u00bb1&#8243; _builder_version=\u00bb4.5.6&#8243; _module_preset=\u00bbdefault\u00bb custom_margin=\u00bb0px||||false|false\u00bb custom_padding=\u00bb0px||4px||false|false\u00bb][et_pb_row column_structure=\u00bb1_4,3_4&#8243; use_custom_gutter=\u00bbon\u00bb gutter_width=\u00bb1&#8243; make_equal=\u00bbon\u00bb _builder_version=\u00bb4.5.6&#8243; _module_preset=\u00bbdefault\u00bb width=\u00bb100%\u00bb max_width=\u00bb2560px\u00bb custom_padding=\u00bb0px||3px||false|false\u00bb][et_pb_column type=\u00bb1_4&#8243; _builder_version=\u00bb4.5.6&#8243; _module_preset=\u00bbdefault\u00bb background_image=\u00bbhttp:\/\/cgp.org.pe\/web\/wp-content\/uploads\/2021\/11\/amazonia.jpg\u00bb][\/et_pb_column][et_pb_column type=\u00bb3_4&#8243; _builder_version=\u00bb4.5.6&#8243; _module_preset=\u00bbdefault\u00bb background_color=\u00bbrgba(255,255,255,0.92)\u00bb background_image=\u00bbhttp:\/\/cgp.org.pe\/web\/wp-content\/uploads\/2021\/11\/peru-2184730_1920.jpg\u00bb background_blend=\u00bbcolor\u00bb custom_padding=\u00bb4%|5%|2%|5%|false|false\u00bb custom_padding_tablet=\u00bb50px|50px|35px|50px|false|false\u00bb custom_padding_phone=\u00bb50px|35px|35px|35px|false|false\u00bb custom_padding_last_edited=\u00bbon|phone\u00bb][et_pb_text _builder_version=\u00bb4.5.6&#8243; _module_preset=\u00bbdefault\u00bb text_text_color=\u00bb#000000&#8243; header_font=\u00bb||||||||\u00bb header_text_color=\u00bb#000000&#8243; header_font_size=\u00bb40px\u00bb header_letter_spacing=\u00bb3px\u00bb header_3_font=\u00bbCourgette||||||||\u00bb header_3_font_size=\u00bb26px\u00bb custom_margin=\u00bb||30px|||\u00bb custom_padding=\u00bb|5px|||false|false\u00bb border_width_bottom=\u00bb3px\u00bb border_color_bottom=\u00bb#fec306&#8243;]<\/p>\n<h1><span style=\"color: #ffffff;\">Editorial<\/span><\/h1>\n<p>[\/et_pb_text][et_pb_text _builder_version=\u00bb4.5.6&#8243; _module_preset=\u00bbdefault\u00bb custom_padding=\u00bb27px|38px|27px|40px||\u00bb custom_margin=\u00bb||-9px|||\u00bb]<\/p>\n<p style=\"text-align: justify;\"><span style=\"color: #ffffff;\"><em>El segundo n\u00famero del bolet\u00edn del Colegio de Ge\u00f3grafos del Per\u00fa trae una novedad. A partir de esta edici\u00f3n tenemos un ISSN (International Standard Serial Number \/ N\u00famero Internacional Normalizado de Publicaciones Seriadas), c\u00f3digo num\u00e9rico reconocido internacionalmente para la identificaci\u00f3n de publicaciones seriadas. Esta es una muestra de nuestro compromiso por convertir a este bolet\u00edn en un documento informativo con calidad y reconocimiento nacional e internacional. Es por ello que seguimos ajustando detalles para que los lectores tengan un documento con informaci\u00f3n actual y con la participaci\u00f3n de colaboradores peruanos y extranjeros.<\/em><\/span><\/p>\n<p style=\"text-align: justify;\"><span style=\"color: #ffffff;\"><em>En esta segunda edici\u00f3n revisaremos una interpretaci\u00f3n geogr\u00e1fica del Manuscrito de Huarochir\u00ed, documento que narra el culto a las deidades, as\u00ed como el manejo del territorio y los recursos de los antiguos hombres de esta provincia. En este art\u00edculo se muestran aportes destacables de la geograf\u00eda en el desarrollo de la identidad como un elemento esencial del territorio.<\/em><\/span><\/p>\n<p style=\"text-align: justify;\"><span style=\"color: #ffffff;\"><em>Y como no podemos estar ajenos a los temas de actualidad nacional y de nuestra historia democr\u00e1tica presentamos un art\u00edculo sobre los electores golondrinos, aquellos ciudadanos que son captados para cambiar su direcci\u00f3n domiciliaria para sufragar en una circunscripci\u00f3n electoral que no les corresponde. Este hecho es un problema que requiere de atenci\u00f3n pues estamos pr\u00f3ximos a un proceso electoral de car\u00e1cter nacional. En este escrito, el autor identifica causas y factores interrelacionados, pero al aplicar el conocimiento geogr\u00e1fico es posible plantear alternativas de soluci\u00f3n.<\/em><\/span><\/p>\n<p style=\"text-align: justify;\"><span style=\"color: #ffffff;\"><em>Adem\u00e1s, daremos a conocer las t\u00e9cnicas de an\u00e1lisis espacial con el uso de la geom\u00e1tica, as\u00ed como el empleo de criterios aplicables a la Zonificaci\u00f3n Ecol\u00f3gica y Econ\u00f3mica a partir del levantamiento de informaci\u00f3n tem\u00e1tica relacionada a la geomorfolog\u00eda, la vegetaci\u00f3n y la capacidad de uso mayor de tierras, aspectos que sirven de soporte para la planificaci\u00f3n f\u00edsica, aplicable sobre todo a los gobiernos locales, que permite identificar unidades espaciales que presentan problemas de conflictos de uso y la exposici\u00f3n al riesgo de desastres en la subcuenca de la quebrada Chumayo, distrito Matucana, provincia Huaraochir\u00ed en el departamento de Lima.<\/em><\/span><\/p>\n<p style=\"text-align: justify;\"><span style=\"color: #ffffff;\"><em>Con la finalidad de conocer las investigaciones en el contexto internacional, destacamos el estudio de evoluci\u00f3n de los humedales en la provincia de Guadalajara en Espa\u00f1a. En este art\u00edculo observaremos como un m\u00e9todo que emplea informaci\u00f3n disponible a partir del siglo XVI sobre las localidades y los inventarios hist\u00f3ricos de humedales, concluye que el aumento de poblaciones rurales y su necesidad de disponer de nuevas superficies agrarias fueron posibles mediante el drenaje y saneamiento de los humedales. La importancia de los humedales como fuente de agua, productividad primaria y diversidad biol\u00f3gica es un hecho que hoy est\u00e1 vigente en la Convenci\u00f3n de Ramsar (el m\u00e1s antiguo de los modernos acuerdos intergubernamentales sobre el medio ambiente<\/em><\/span><\/p>\n<p style=\"text-align: justify;\"><span style=\"color: #ffffff;\"><em>En este n\u00famero, se rese\u00f1an dos eventos y una publicaci\u00f3n. Primero, el aporte de los disc\u00edpulos de la geograf\u00eda se presenta mediante la descripci\u00f3n del desarrollo del XI Coloquio de Estudiantes de Geograf\u00eda \u201cDesarrollo Local en la Globalizaci\u00f3n\u201d, efectuado los d\u00edas 29 y 30 de abril de 2015 en el auditorio de la Biblioteca Central Pedro Zulen, en la Universidad Nacional Mayor de San Marcos en Lima; segundo, damos a conocer las conclusiones y acuerdos del XV Encuentro de Ge\u00f3grafos de Am\u00e9rica Latina (EGAL) \u201cPor una Am\u00e9rica Latina Unida y Sostenible\u201d, llevado a cabo del 06 al 10 de abril de 2015, en el Palacio de Convenciones de la ciudad de La Habana en Cuba; tercero, Vladimir Cuisano rese\u00f1a la publicaci\u00f3n \u201cLos riesgos traen oportunidades: transformaciones globales en los andes udamericanos\u201d que aborda las oportunidades, a escala regional y local, que pudieran devenir de eventos negativos de origen natural o de actividades humanas.<\/em><\/span><\/p>\n<p style=\"text-align: right;\"><span style=\"color: #ffffff;\"><em>Wilmer P\u00e9rez Vilca<\/em><\/span><\/p>\n<p>[\/et_pb_text][\/et_pb_column][\/et_pb_row][\/et_pb_section][et_pb_section fb_built=\u00bb1&#8243; _builder_version=\u00bb4.5.6&#8243; _module_preset=\u00bbdefault\u00bb background_color=\u00bb#ffffff\u00bb background_enable_image=\u00bboff\u00bb background_position=\u00bbtop_left\u00bb background_blend=\u00bbsoft-light\u00bb max_width=\u00bb100%\u00bb module_alignment=\u00bbcenter\u00bb custom_margin=\u00bb-6px|||||\u00bb custom_padding=\u00bb36px|||||\u00bb top_divider_height=\u00bb52px\u00bb][et_pb_row column_structure=\u00bb1_4,3_4&#8243; _builder_version=\u00bb4.5.6&#8243; _module_preset=\u00bbdefault\u00bb max_width=\u00bb2560px\u00bb custom_padding=\u00bb||27px|||\u00bb][et_pb_column type=\u00bb1_4&#8243; _builder_version=\u00bb4.5.6&#8243; _module_preset=\u00bbdefault\u00bb][et_pb_image src=\u00bbhttp:\/\/cgp.org.pe\/web\/wp-content\/uploads\/2021\/12\/fotos2-1.png\u00bb title_text=\u00bbfotos2&#8243; align_tablet=\u00bbcenter\u00bb align_phone=\u00bbcenter\u00bb align_last_edited=\u00bbon|tablet\u00bb _builder_version=\u00bb4.5.6&#8243; _module_preset=\u00bbdefault\u00bb custom_padding_tablet=\u00bb||35px||false|false\u00bb custom_padding_phone=\u00bb||35px||false|false\u00bb custom_padding_last_edited=\u00bbon|phone\u00bb][\/et_pb_image][\/et_pb_column][et_pb_column type=\u00bb3_4&#8243; _builder_version=\u00bb4.5.6&#8243; _module_preset=\u00bbdefault\u00bb][et_pb_text _builder_version=\u00bb4.5.6&#8243; _module_preset=\u00bbdefault\u00bb text_text_color=\u00bb#000000&#8243; header_font=\u00bb||||||||\u00bb header_text_color=\u00bb#000000&#8243; header_font_size=\u00bb40px\u00bb header_letter_spacing=\u00bb3px\u00bb header_3_font=\u00bbCourgette||||||||\u00bb header_3_font_size=\u00bb26px\u00bb custom_margin=\u00bb||15px|||\u00bb custom_padding=\u00bb|5px|||false|false\u00bb border_width_bottom=\u00bb3px\u00bb border_color_bottom=\u00bb#fec306&#8243;]<\/p>\n<h1><span style=\"color: #ffffff;\">Art\u00edculos<\/span><\/h1>\n<p>[\/et_pb_text][et_pb_text _builder_version=\u00bb4.5.6&#8243; _module_preset=\u00bbdefault\u00bb text_text_color=\u00bb#000000&#8243; text_font_size=\u00bb15px\u00bb text_line_height=\u00bb1.1em\u00bb header_2_font=\u00bb|800|||||||\u00bb header_2_text_color=\u00bb#000000&#8243; header_2_font_size=\u00bb40px\u00bb header_2_line_height=\u00bb1.4em\u00bb header_4_font=\u00bbOpen Sans|700||||on|||\u00bb header_4_text_color=\u00bb#000000&#8243; header_4_line_height=\u00bb1.1em\u00bb background_layout=\u00bbdark\u00bb custom_margin=\u00bb|-18px||||\u00bb custom_padding=\u00bb27px|36px||38px||\u00bb header_text_color__hover_enabled=\u00bbon|desktop\u00bb header_text_color__hover=\u00bb#df5327&#8243; header_4_text_color__hover_enabled=\u00bbon|desktop\u00bb header_4_text_color__hover=\u00bb#df5327&#8243; header_4_font_size__hover_enabled=\u00bbon|hover\u00bb header_4_font_size__hover=\u00bb18px\u00bb width=\u00bb99.9%\u00bb min_height=\u00bb485.9px\u00bb]<\/p>\n<h4><a href=\"https:\/\/cgp.org.pe\/publicaciones\/boletin2\/B2-01.pdf\"><span style=\"color: #ffffff;\">1. Interpretaci\u00f3n geogr\u00e1fica del manuscrito de Huarochir\u00ed<\/span><\/a><\/h4>\n<p><span style=\"color: #ffffff;\"><em>Bernardo Nieuwland Venero<\/em><\/span><\/p>\n<h4><span style=\"color: #ffffff;\"><a href=\"https:\/\/cgp.org.pe\/publicaciones\/boletin2\/B2-02.pdf\" style=\"color: #ffffff;\">2. Geograf\u00eda: factores geogr\u00e1ficos y electores \u201cGolondrinos\u201d<\/a><\/span><\/h4>\n<p><span style=\"color: #ffffff;\"><em>Nancy P\u00e9rez Rodr\u00edguez; Jorge Rodr\u00edguez Veliz; Midelkys Mart\u00ednez Mesa<\/em><\/span><\/p>\n<h4><span style=\"color: #ffffff;\"><a href=\"https:\/\/cgp.org.pe\/publicaciones\/boletin2\/B2-03.pdf\" style=\"color: #ffffff;\">3. Aplicaciones de la geom\u00e1tica para estudios sobre el medio f\u00edsico y la planificaci\u00f3n en la subcuenca de la quebrada Chucumayo<\/a><\/span><\/h4>\n<p><span style=\"color: #ffffff;\"><em>Juan Felipe Mel\u00e9ndez de la Cruz, Miguel Ernesto Alva Huayaney<\/em><\/span><\/p>\n<h4><span style=\"color: #ffffff;\"><a href=\"https:\/\/cgp.org.pe\/publicaciones\/boletin2\/B2-04.pdf\" style=\"color: #ffffff;\">4. Estudio de la evoluci\u00f3n de los humedales en la provincia de Guadalajara, comunidad aut\u00f3noma de Castilla la Mancha, Espa\u00f1a (siglos XVI-XX)<\/a><\/span><\/h4>\n<p><span style=\"color: #ffffff;\"><em>Alba Cano Pa\u00edno<\/em><\/span><\/p>\n<h4><span style=\"color: #ffffff;\"><a href=\"https:\/\/cgp.org.pe\/publicaciones\/boletin2\/B2-05.pdf\" style=\"color: #ffffff;\">5. Los riesgos traen oportunidades: transformaciones globales en los andes sudamericanos<\/a><\/span><\/h4>\n<p><span style=\"color: #ffffff;\"><em>Vladimir Richard Cuisano Marreros<\/em><\/span><\/p>\n<h4><span style=\"color: #ffffff;\"><a href=\"https:\/\/cgp.org.pe\/publicaciones\/boletin2\/B2-06.pdf\" style=\"color: #ffffff;\">6. XV Encuentro de ge\u00f3grafos de Am\u00e9rica Latina \u201cpor una Am\u00e9rica Latina unida y sostenible\u201d<\/a><\/span><\/h4>\n<p><span style=\"color: #ffffff;\"><em>Eduardo Salinas Ch\u00e1vez<\/em><\/span><\/p>\n<h4><span style=\"color: #ffffff;\"><a href=\"https:\/\/cgp.org.pe\/publicaciones\/boletin2\/B2-07.pdf\" style=\"color: #ffffff;\">7. XI Coloquio de estudiantes de geograf\u00eda \u201cDesarrollo local en la globalizaci\u00f3n\u201d<\/a><\/span><\/h4>\n<p><span style=\"color: #ffffff;\"><em>Efrain Huaricacha<\/em><\/span><\/p>\n<p>[\/et_pb_text][\/et_pb_column][\/et_pb_row][\/et_pb_section][et_pb_section fb_built=\u00bb1&#8243; _builder_version=\u00bb4.5.6&#8243; _module_preset=\u00bbdefault\u00bb background_color=\u00bb#000000&#8243; custom_padding=\u00bb16px||39px|||\u00bb top_divider_style=\u00bbarrow\u00bb top_divider_color=\u00bb#fec306&#8243; top_divider_height=\u00bb134px\u00bb][et_pb_row _builder_version=\u00bb4.5.6&#8243; _module_preset=\u00bbdefault\u00bb custom_margin=\u00bb|auto|-5px|auto||\u00bb custom_padding=\u00bb14px||15px|||\u00bb][et_pb_column type=\u00bb4_4&#8243; _builder_version=\u00bb4.5.6&#8243; _module_preset=\u00bbdefault\u00bb][et_pb_text _builder_version=\u00bb4.5.6&#8243; _module_preset=\u00bbdefault\u00bb header_font=\u00bb|300|||||||\u00bb header_text_color=\u00bb#000000&#8243; header_font_size=\u00bb44px\u00bb hover_enabled=\u00bb0&#8243;]<\/p>\n<h1 style=\"text-align: center;\"><span style=\"color: #ffffff;\">Equipo<\/span><\/h1>\n<p>[\/et_pb_text][\/et_pb_column][\/et_pb_row][\/et_pb_section][et_pb_section fb_built=\u00bb1&#8243; _builder_version=\u00bb4.5.6&#8243; _module_preset=\u00bbdefault\u00bb background_color=\u00bb#ffffff\u00bb background_enable_image=\u00bboff\u00bb background_position=\u00bbtop_left\u00bb background_blend=\u00bbsoft-light\u00bb max_width=\u00bb100%\u00bb module_alignment=\u00bbcenter\u00bb custom_margin=\u00bb-10px|||||\u00bb top_divider_height=\u00bb52px\u00bb][et_pb_row _builder_version=\u00bb4.5.6&#8243; _module_preset=\u00bbdefault\u00bb custom_padding=\u00bb2px||13px|||\u00bb][et_pb_column type=\u00bb4_4&#8243; _builder_version=\u00bb4.5.6&#8243; _module_preset=\u00bbdefault\u00bb][et_pb_text _builder_version=\u00bb4.5.6&#8243; _module_preset=\u00bbdefault\u00bb header_4_font=\u00bbOpen Sans|||||on|||\u00bb min_height=\u00bb704.6px\u00bb]<\/p>\n<h1 style=\"text-align: center;\"><span style=\"color: #ffffff;\"><\/span><\/h1>\n<h1 style=\"text-align: center;\"><span style=\"color: #ffffff;\"><\/span><\/h1>\n<h1 style=\"text-align: center;\"><span style=\"color: #ffffff;\"><\/span><\/h1>\n<h1 style=\"text-align: center;\"><span style=\"color: #ffffff;\"><\/span><\/h1>\n<h1 style=\"text-align: center;\"><span style=\"color: #ffffff;\">Bolet\u00edn del Colegio de Ge\u00f3grafos del Per\u00fa<\/span><\/h1>\n<p style=\"text-align: center;\"><span style=\"color: #ffffff;\"><strong><em>Publicaci\u00f3n digital de investigaciones geogr\u00e1ficas<\/em><\/strong><\/span><\/p>\n<p style=\"text-align: center;\"><span style=\"color: #ffffff;\"><em>N\u00famero 2 &#8211; 2015<\/em><\/span><\/p>\n<h4 style=\"text-align: center;\"><\/h4>\n<h4 style=\"text-align: center;\"><span style=\"color: #ffffff;\">Coordinador Editorial<\/span><\/h4>\n<p style=\"text-align: center;\"><span style=\"color: #ffffff;\"><em>Gilmer Medina Tarrillo<\/em><\/span><\/p>\n<h4 style=\"text-align: center;\"><span style=\"color: #ffffff;\">Equipo de redacci\u00f3n<\/span><\/h4>\n<p style=\"text-align: center;\"><span style=\"color: #ffffff;\"><em>John James Bera\u00fan Chaca<\/em><\/span><\/p>\n<p style=\"text-align: center;\"><span style=\"color: #ffffff;\"><em>Jos\u00e9 Manuel Mamani Ccoto<\/em><\/span><\/p>\n<p style=\"text-align: center;\"><span style=\"color: #ffffff;\"><em>Yessina Salinas<\/em><\/span><\/p>\n<h4 style=\"text-align: center;\"><span style=\"color: #ffffff;\">Comit\u00e9 Asesor (Comit\u00e9 consultivo)<\/span><\/h4>\n<p style=\"text-align: center;\"><span style=\"color: #ffffff;\"><em>Alicia Huamantinco Araujo, Universidad Nacional Mayor de San Marcos, Per\u00fa<\/em><\/span><\/p>\n<p style=\"text-align: center;\"><span style=\"color: #ffffff;\"><em>Hildegardo C\u00f3rdova Aguilar, Pontificia Universidad Cat\u00f3lica del Per\u00fa, Per\u00fa<\/em><\/span><\/p>\n<p style=\"text-align: center;\"><span style=\"color: #ffffff;\"><em>Jose \u00dabeda Palenque, Universidad Complutense de Madrid, Espa\u00f1a<\/em><\/span><\/p>\n<p style=\"text-align: center;\"><span style=\"color: #ffffff;\"><em>Miguel Alva Huayaney, Universidad Nacional Mayor de San Marcos, Per\u00fa<\/em><\/span><\/p>\n<h4 style=\"text-align: center;\"><span style=\"color: #ffffff;\">\u00a0Colaboradora<\/span><\/h4>\n<p style=\"text-align: center;\"><span style=\"color: #ffffff;\"><em>Leyla Benites Rosas<\/em><\/span><\/p>\n<h4 style=\"text-align: center;\"><span style=\"color: #ffffff;\">\u00a0Portada y edici\u00f3n gr\u00e1fica<\/span><\/h4>\n<p style=\"text-align: center;\"><span style=\"color: #ffffff;\"><em>Marilyn Ishikawa Muchotrigo<\/em><\/span><\/p>\n<p>[\/et_pb_text][\/et_pb_column][\/et_pb_row][\/et_pb_section]<\/p>\n","protected":false},"excerpt":{"rendered":"<p>[et_pb_section fb_built=\u00bb1&#8243; _builder_version=\u00bb4.5.6&#8243; _module_preset=\u00bbdefault\u00bb custom_padding=\u00bb4px||0px|||\u00bb][et_pb_row column_structure=\u00bb1_4,1_2,1_4&#8243; use_custom_gutter=\u00bbon\u00bb gutter_width=\u00bb1&#8243; make_equal=\u00bbon\u00bb _builder_version=\u00bb4.5.6&#8243; _module_preset=\u00bbdefault\u00bb width=\u00bb101%\u00bb max_width=\u00bb2560px\u00bb custom_margin=\u00bb-8px|auto||auto|false|false\u00bb custom_padding=\u00bb2px||0px|||\u00bb animation_style=\u00bbfade\u00bb animation_direction=\u00bbtop\u00bb][et_pb_column type=\u00bb1_4&#8243; _builder_version=\u00bb4.5.6&#8243; _module_preset=\u00bbdefault\u00bb background_color=\u00bb#2E4C40&#8243; background_image=\u00bbhttp:\/\/cgp.org.pe\/web\/wp-content\/uploads\/2021\/12\/b2.jpg\u00bb background_size=\u00bbcontain\u00bb custom_padding=\u00bb||||false|false\u00bb][et_pb_image src=\u00bbhttp:\/\/cgp.org.pe\/web\/wp-content\/uploads\/2021\/12\/b2.jpg\u00bb title_text=\u00bbb2&#8243; force_fullwidth=\u00bbon\u00bb disabled_on=\u00bboff|off|on\u00bb _builder_version=\u00bb4.5.6&#8243; _module_preset=\u00bbdefault\u00bb][\/et_pb_image][\/et_pb_column][et_pb_column type=\u00bb1_2&#8243; _builder_version=\u00bb4.5.6&#8243; _module_preset=\u00bbdefault\u00bb custom_padding=\u00bb3%|0%||4%|false|false\u00bb custom_padding_tablet=\u00bb50px|35px|35px|35px|false|false\u00bb custom_padding_phone=\u00bb50px|35px|35px|35px|false|false\u00bb custom_padding_last_edited=\u00bbon|phone\u00bb][et_pb_text _builder_version=\u00bb4.5.6&#8243; _module_preset=\u00bbdefault\u00bb text_text_color=\u00bb#000000&#8243; header_font=\u00bb||||||||\u00bb header_text_color=\u00bb#000000&#8243; header_font_size=\u00bb55px\u00bb header_letter_spacing=\u00bb3px\u00bb header_3_font=\u00bbCourgette||||||||\u00bb header_3_font_size=\u00bb26px\u00bb custom_padding=\u00bb|5px|||false|false\u00bb border_width_bottom=\u00bb3px\u00bb border_color_bottom=\u00bb#fec306&#8243;] Bolet\u00edn N\u00ba2 [\/et_pb_text][et_pb_text _builder_version=\u00bb4.5.6&#8243; _module_preset=\u00bbdefault\u00bb text_font=\u00bbABeeZee|800|||||||\u00bb [&hellip;]<\/p>\n","protected":false},"author":1,"featured_media":0,"parent":31,"menu_order":0,"comment_status":"closed","ping_status":"closed","template":"","meta":{"_et_pb_use_builder":"on","_et_pb_old_content":"","_et_gb_content_width":"","footnotes":""},"class_list":["post-500","page","type-page","status-publish","hentry"],"_links":{"self":[{"href":"https:\/\/cgp.org.pe\/web\/wp-json\/wp\/v2\/pages\/500","targetHints":{"allow":["GET"]}}],"collection":[{"href":"https:\/\/cgp.org.pe\/web\/wp-json\/wp\/v2\/pages"}],"about":[{"href":"https:\/\/cgp.org.pe\/web\/wp-json\/wp\/v2\/types\/page"}],"author":[{"embeddable":true,"href":"https:\/\/cgp.org.pe\/web\/wp-json\/wp\/v2\/users\/1"}],"replies":[{"embeddable":true,"href":"https:\/\/cgp.org.pe\/web\/wp-json\/wp\/v2\/comments?post=500"}],"version-history":[{"count":15,"href":"https:\/\/cgp.org.pe\/web\/wp-json\/wp\/v2\/pages\/500\/revisions"}],"predecessor-version":[{"id":4658,"href":"https:\/\/cgp.org.pe\/web\/wp-json\/wp\/v2\/pages\/500\/revisions\/4658"}],"up":[{"embeddable":true,"href":"https:\/\/cgp.org.pe\/web\/wp-json\/wp\/v2\/pages\/31"}],"wp:attachment":[{"href":"https:\/\/cgp.org.pe\/web\/wp-json\/wp\/v2\/media?parent=500"}],"curies":[{"name":"wp","href":"https:\/\/api.w.org\/{rel}","templated":true}]}}