{"id":31,"date":"2020-08-11T22:39:20","date_gmt":"2020-08-11T22:39:20","guid":{"rendered":"https:\/\/cgp.org.pe\/web\/?page_id=31"},"modified":"2024-08-14T15:49:12","modified_gmt":"2024-08-14T20:49:12","slug":"boletin","status":"publish","type":"page","link":"https:\/\/cgp.org.pe\/web\/boletin\/","title":{"rendered":"Bolet\u00edn"},"content":{"rendered":"<p>[et_pb_section fb_built=\u00bb1&#8243; _builder_version=\u00bb4.5.6&#8243; _module_preset=\u00bbdefault\u00bb custom_padding=\u00bb4px||0px|||\u00bb][et_pb_row column_structure=\u00bb1_4,1_2,1_4&#8243; use_custom_gutter=\u00bbon\u00bb gutter_width=\u00bb1&#8243; make_equal=\u00bbon\u00bb _builder_version=\u00bb4.5.6&#8243; _module_preset=\u00bbdefault\u00bb width=\u00bb101%\u00bb max_width=\u00bb2560px\u00bb custom_margin=\u00bb-8px|auto|0px|auto|false|false\u00bb custom_padding=\u00bb32px||0px|||\u00bb][et_pb_column type=\u00bb1_4&#8243; _builder_version=\u00bb4.5.6&#8243; _module_preset=\u00bbdefault\u00bb background_color=\u00bb#2D2D2D\u00bb background_image=\u00bbhttp:\/\/cgp.org.pe\/web\/wp-content\/uploads\/2021\/11\/portada-boletin2.jpg\u00bb background_size=\u00bbcontain\u00bb custom_padding=\u00bb||||false|false\u00bb][et_pb_image src=\u00bbhttp:\/\/cgp.org.pe\/web\/wp-content\/uploads\/2021\/11\/portada-boletin2.jpg\u00bb title_text=\u00bbportada-boletin2&#8243; force_fullwidth=\u00bbon\u00bb disabled_on=\u00bboff|off|on\u00bb _builder_version=\u00bb4.5.6&#8243; _module_preset=\u00bbdefault\u00bb][\/et_pb_image][\/et_pb_column][et_pb_column type=\u00bb1_2&#8243; _builder_version=\u00bb4.5.6&#8243; _module_preset=\u00bbdefault\u00bb custom_padding=\u00bb50px|50px||50px|false|false\u00bb custom_padding_tablet=\u00bb50px|50px||50px|false|false\u00bb custom_padding_phone=\u00bb50px|35px||35px|false|false\u00bb custom_padding_last_edited=\u00bbon|phone\u00bb][et_pb_text _builder_version=\u00bb4.5.6&#8243; _module_preset=\u00bbdefault\u00bb text_text_color=\u00bb#000000&#8243; header_font=\u00bb||||||||\u00bb header_text_color=\u00bb#000000&#8243; header_font_size=\u00bb55px\u00bb header_letter_spacing=\u00bb3px\u00bb header_3_font=\u00bbCourgette||||||||\u00bb header_3_font_size=\u00bb26px\u00bb custom_padding=\u00bb|5px|||false|false\u00bb border_width_bottom=\u00bb3px\u00bb border_color_bottom=\u00bb#fec306&#8243;]<\/p>\n<h1>Bolet\u00edn del CGP<\/h1>\n<p>[\/et_pb_text][et_pb_text _builder_version=\u00bb4.5.6&#8243; _module_preset=\u00bbdefault\u00bb header_font=\u00bb||||||||\u00bb header_font_size=\u00bb50px\u00bb header_letter_spacing=\u00bb3px\u00bb header_3_font=\u00bbOpen Sans||||||||\u00bb header_3_font_size=\u00bb26px\u00bb custom_padding=\u00bb12px|5px|||false|false\u00bb]<\/p>\n<h3><span style=\"color: #ffffff;\">ISSN 2411-6890<\/span><\/h3>\n<p>[\/et_pb_text][et_pb_text _builder_version=\u00bb4.5.6&#8243; _module_preset=\u00bbdefault\u00bb header_font=\u00bb||||||||\u00bb header_font_size=\u00bb50px\u00bb header_letter_spacing=\u00bb3px\u00bb header_3_font=\u00bbCourgette||||||||\u00bb header_3_font_size=\u00bb26px\u00bb custom_padding=\u00bb12px|5px|||false|false\u00bb]<\/p>\n<p style=\"text-align: justify;\"><span style=\"font-size: 14px; text-align: justify; color: #ffffff;\">El Bolet\u00edn del Colegio de Ge\u00f3grafos del Per\u00fa recibe de forma anual art\u00edculos y rese\u00f1as de distintas \u00e1reas relacionadas al quehacer geogr\u00e1fico. Dichos manuscritos deben enmarcarse en algunos de los siguientes ejes tem\u00e1ticos (ET): Estudios ambientales,\u00a0Gesti\u00f3n del riesgo de desastres, Catastro y saneamiento de predios, Demarcaci\u00f3n y organizaci\u00f3n territorial,\u00a0Gesti\u00f3n y ordenamiento territorial, Recursos h\u00eddricos, siembra y cosecha del agua,\u00a0\u00c1reas protegidas y conservaci\u00f3n de recursos,\u00a0Cambio clim\u00e1tico y ecosistemas, Geomorfolog\u00eda y medio f\u00edsico, Estudios urbanos, Estudios rurales, Espacio y patrimonio,\u00a0\u00a0Geograf\u00eda y procesos electorales, Geograf\u00eda y transporte, Geograf\u00eda y salud, Geograf\u00eda y educaci\u00f3n, Geograf\u00eda y pol\u00edtica, Geom\u00e1tica, Globalizaci\u00f3n y formas espaciales, Temas libres con componente espacial.<\/span><\/p>\n<p>[\/et_pb_text][et_pb_text _builder_version=\u00bb4.5.6&#8243; _module_preset=\u00bbdefault\u00bb header_font=\u00bb||||||||\u00bb header_font_size=\u00bb50px\u00bb header_letter_spacing=\u00bb3px\u00bb header_3_font=\u00bbMerienda|700|||||||\u00bb header_3_text_align=\u00bbcenter\u00bb header_3_font_size=\u00bb26px\u00bb custom_margin=\u00bb3.8%||||false|false\u00bb custom_padding=\u00bb3%|5%|3%|5%|false|false\u00bb border_width_top=\u00bb2px\u00bb border_color_top=\u00bb#000000&#8243; border_width_bottom=\u00bb2px\u00bb]<\/p>\n<h3 style=\"text-align: center;\"><span style=\"text-align: justify; color: #ffffff;\">El Bolet\u00edn del CGP es el resultado de un gran esfuerzo colectivo; el cual contiene trabajos de destacados ge\u00f3grafos peruanos y extranjeros.<\/span><\/h3>\n<p>[\/et_pb_text][\/et_pb_column][et_pb_column type=\u00bb1_4&#8243; _builder_version=\u00bb4.5.6&#8243; _module_preset=\u00bbdefault\u00bb custom_padding=\u00bb3%|3%||1%|false|false\u00bb custom_padding_tablet=\u00bb||35px||false|false\u00bb custom_padding_phone=\u00bb\u00bb custom_padding_last_edited=\u00bbon|phone\u00bb][et_pb_image src=\u00bbhttp:\/\/cgp.org.pe\/web\/wp-content\/uploads\/2021\/11\/fotos.png\u00bb title_text=\u00bbfotos\u00bb align_tablet=\u00bbcenter\u00bb align_phone=\u00bb\u00bb align_last_edited=\u00bbon|desktop\u00bb _builder_version=\u00bb4.5.6&#8243; _module_preset=\u00bbdefault\u00bb][\/et_pb_image][\/et_pb_column][\/et_pb_row][\/et_pb_section][et_pb_section fb_built=\u00bb1&#8243; _builder_version=\u00bb4.5.6&#8243; _module_preset=\u00bbdefault\u00bb background_color=\u00bbrgba(255,255,255,0.75)\u00bb background_image=\u00bbhttp:\/\/cgp.org.pe\/web\/wp-content\/uploads\/2021\/11\/peru-2184730_1920.jpg\u00bb background_position=\u00bbtop_left\u00bb background_blend=\u00bboverlay\u00bb max_width=\u00bb100%\u00bb module_alignment=\u00bbcenter\u00bb custom_margin=\u00bb-10px|||||\u00bb top_divider_height=\u00bb52px\u00bb][et_pb_row column_structure=\u00bb1_3,1_3,1_3&#8243; disabled_on=\u00bbon|on|on\u00bb _builder_version=\u00bb4.5.6&#8243; _module_preset=\u00bbdefault\u00bb disabled=\u00bbon\u00bb][et_pb_column type=\u00bb1_3&#8243; _builder_version=\u00bb4.5.6&#8243; _module_preset=\u00bbdefault\u00bb][dsm_image_reveal reveal_text=\u00bbLeer Bolet\u00edn\u00bb src=\u00bbhttp:\/\/cgp.org.pe\/web\/wp-content\/uploads\/2021\/12\/b1.jpg\u00bb title_text=\u00bbb1&#8243; reveal_text_animation=\u00bbfadeInUp\u00bb reveal_overlay_color=\u00bb#000000&#8243; _builder_version=\u00bb4.5.6&#8243; _dynamic_attributes=\u00bblink_option_url\u00bb _module_preset=\u00bbdefault\u00bb reveal_text_font=\u00bb|300|||||||\u00bb reveal_text_text_color=\u00bb#fec306&#8243; reveal_text_font_size=\u00bb27px\u00bb animation_style=\u00bbfade\u00bb link_option_url=\u00bb@ET-DC@eyJkeW5hbWljIjp0cnVlLCJjb250ZW50IjoicG9zdF9saW5rX3VybF9wYWdlIiwic2V0dGluZ3MiOnsicG9zdF9pZCI6IjMwNCJ9fQ==@\u00bb][\/dsm_image_reveal][\/et_pb_column][et_pb_column type=\u00bb1_3&#8243; _builder_version=\u00bb4.5.6&#8243; _module_preset=\u00bbdefault\u00bb][dsm_image_reveal reveal_text=\u00bbLeer Bolet\u00edn\u00bb src=\u00bbhttp:\/\/cgp.org.pe\/web\/wp-content\/uploads\/2021\/12\/b2.jpg\u00bb title_text=\u00bbb2&#8243; reveal_text_animation=\u00bbfadeInUp\u00bb reveal_overlay_color=\u00bb#000000&#8243; _builder_version=\u00bb4.5.6&#8243; _dynamic_attributes=\u00bblink_option_url\u00bb _module_preset=\u00bbdefault\u00bb reveal_text_font=\u00bb|300|||||||\u00bb reveal_text_text_color=\u00bb#fec306&#8243; reveal_text_font_size=\u00bb27px\u00bb animation_style=\u00bbfade\u00bb link_option_url=\u00bb@ET-DC@eyJkeW5hbWljIjp0cnVlLCJjb250ZW50IjoicG9zdF9saW5rX3VybF9wYWdlIiwic2V0dGluZ3MiOnsicG9zdF9pZCI6IjUwMCJ9fQ==@\u00bb][\/dsm_image_reveal][\/et_pb_column][et_pb_column type=\u00bb1_3&#8243; _builder_version=\u00bb4.5.6&#8243; _module_preset=\u00bbdefault\u00bb][dsm_image_reveal reveal_text=\u00bbLeer Bolet\u00edn\u00bb src=\u00bbhttp:\/\/cgp.org.pe\/web\/wp-content\/uploads\/2021\/12\/b3.jpg\u00bb title_text=\u00bbb3&#8243; reveal_text_animation=\u00bbfadeInUp\u00bb reveal_overlay_color=\u00bb#000000&#8243; _builder_version=\u00bb4.5.6&#8243; _dynamic_attributes=\u00bblink_option_url\u00bb _module_preset=\u00bbdefault\u00bb reveal_text_font=\u00bb|300|||||||\u00bb reveal_text_text_color=\u00bb#fec306&#8243; reveal_text_font_size=\u00bb27px\u00bb animation_style=\u00bbfade\u00bb link_option_url=\u00bb@ET-DC@eyJkeW5hbWljIjp0cnVlLCJjb250ZW50IjoicG9zdF9saW5rX3VybF9wYWdlIiwic2V0dGluZ3MiOnsicG9zdF9pZCI6IjUxMiJ9fQ==@\u00bb][\/dsm_image_reveal][\/et_pb_column][\/et_pb_row][et_pb_row column_structure=\u00bb1_3,1_3,1_3&#8243; disabled_on=\u00bbon|on|on\u00bb _builder_version=\u00bb4.5.6&#8243; _module_preset=\u00bbdefault\u00bb disabled=\u00bbon\u00bb][et_pb_column type=\u00bb1_3&#8243; _builder_version=\u00bb4.5.6&#8243; _module_preset=\u00bbdefault\u00bb][dsm_image_reveal reveal_text=\u00bbLeer Bolet\u00edn\u00bb src=\u00bbhttp:\/\/cgp.org.pe\/web\/wp-content\/uploads\/2021\/12\/b4.jpg\u00bb title_text=\u00bbb4&#8243; reveal_text_animation=\u00bbfadeInUp\u00bb reveal_overlay_color=\u00bb#000000&#8243; _builder_version=\u00bb4.5.6&#8243; _dynamic_attributes=\u00bblink_option_url\u00bb _module_preset=\u00bbdefault\u00bb reveal_text_font=\u00bb|300|||||||\u00bb reveal_text_text_color=\u00bb#fec306&#8243; reveal_text_font_size=\u00bb27px\u00bb animation_style=\u00bbfade\u00bb link_option_url=\u00bb@ET-DC@eyJkeW5hbWljIjp0cnVlLCJjb250ZW50IjoicG9zdF9saW5rX3VybF9wYWdlIiwic2V0dGluZ3MiOnsicG9zdF9pZCI6IjUyNiJ9fQ==@\u00bb][\/dsm_image_reveal][\/et_pb_column][et_pb_column type=\u00bb1_3&#8243; _builder_version=\u00bb4.5.6&#8243; _module_preset=\u00bbdefault\u00bb][dsm_image_reveal reveal_text=\u00bbLeer Bolet\u00edn\u00bb src=\u00bbhttp:\/\/cgp.org.pe\/web\/wp-content\/uploads\/2021\/12\/b5.jpg\u00bb title_text=\u00bbb5&#8243; reveal_text_animation=\u00bbfadeInUp\u00bb reveal_overlay_color=\u00bb#000000&#8243; _builder_version=\u00bb4.5.6&#8243; _dynamic_attributes=\u00bblink_option_url\u00bb _module_preset=\u00bbdefault\u00bb reveal_text_font=\u00bb|300|||||||\u00bb reveal_text_text_color=\u00bb#fec306&#8243; reveal_text_font_size=\u00bb27px\u00bb animation_style=\u00bbfade\u00bb link_option_url=\u00bb@ET-DC@eyJkeW5hbWljIjp0cnVlLCJjb250ZW50IjoicG9zdF9saW5rX3VybF9wYWdlIiwic2V0dGluZ3MiOnsicG9zdF9pZCI6IjU0MCJ9fQ==@\u00bb][\/dsm_image_reveal][\/et_pb_column][et_pb_column type=\u00bb1_3&#8243; _builder_version=\u00bb4.5.6&#8243; _module_preset=\u00bbdefault\u00bb][dsm_image_reveal reveal_text=\u00bbLeer Bolet\u00edn\u00bb src=\u00bbhttp:\/\/cgp.org.pe\/web\/wp-content\/uploads\/2021\/12\/b6.jpg\u00bb title_text=\u00bbb6&#8243; reveal_text_animation=\u00bbfadeInUp\u00bb reveal_overlay_color=\u00bb#000000&#8243; _builder_version=\u00bb4.5.6&#8243; _dynamic_attributes=\u00bblink_option_url\u00bb _module_preset=\u00bbdefault\u00bb reveal_text_font=\u00bb|300|||||||\u00bb reveal_text_text_color=\u00bb#fec306&#8243; reveal_text_font_size=\u00bb27px\u00bb animation_style=\u00bbfade\u00bb link_option_url=\u00bb@ET-DC@eyJkeW5hbWljIjp0cnVlLCJjb250ZW50IjoicG9zdF9saW5rX3VybF9wYWdlIiwic2V0dGluZ3MiOnsicG9zdF9pZCI6IjU1MCJ9fQ==@\u00bb][\/dsm_image_reveal][\/et_pb_column][\/et_pb_row][et_pb_row column_structure=\u00bb1_3,1_3,1_3&#8243; _builder_version=\u00bb4.5.6&#8243; _module_preset=\u00bbdefault\u00bb hover_enabled=\u00bb0&#8243; background_color=\u00bbrgba(0,0,0,0)\u00bb][et_pb_column type=\u00bb1_3&#8243; _builder_version=\u00bb4.5.6&#8243; _module_preset=\u00bbdefault\u00bb][et_pb_image src=\u00bbhttp:\/\/cgp.org.pe\/web\/wp-content\/uploads\/2021\/12\/b1.jpg\u00bb title_text=\u00bbb1&#8243; url=\u00bb@ET-DC@eyJkeW5hbWljIjp0cnVlLCJjb250ZW50IjoicG9zdF9saW5rX3VybF9wYWdlIiwic2V0dGluZ3MiOnsicG9zdF9pZCI6IjMwNCJ9fQ==@\u00bb use_overlay=\u00bbon\u00bb overlay_icon_color=\u00bb#df5327&#8243; hover_overlay_color=\u00bbrgba(0,0,0,0.5)\u00bb hover_icon=\u00bb%%204%%\u00bb align=\u00bbcenter\u00bb force_fullwidth=\u00bbon\u00bb _builder_version=\u00bb4.5.6&#8243; _dynamic_attributes=\u00bburl\u00bb _module_preset=\u00bbdefault\u00bb transform_scale=\u00bb95%|95%\u00bb transform_scale_tablet=\u00bb\u00bb transform_scale_phone=\u00bb\u00bb transform_scale_last_edited=\u00bbon|desktop\u00bb transform_translate_tablet=\u00bb\u00bb transform_translate_phone=\u00bb\u00bb transform_translate_last_edited=\u00bbon|desktop\u00bb transform_rotate_tablet=\u00bb\u00bb transform_rotate_phone=\u00bb\u00bb transform_rotate_last_edited=\u00bbon|desktop\u00bb transform_skew_tablet=\u00bb\u00bb transform_skew_phone=\u00bb\u00bb transform_skew_last_edited=\u00bbon|desktop\u00bb transform_origin_tablet=\u00bb\u00bb transform_origin_phone=\u00bb\u00bb transform_origin_last_edited=\u00bbon|desktop\u00bb transform_styles_last_edited=\u00bbon|desktop\u00bb animation_style=\u00bbslide\u00bb transform_styles_tablet=\u00bb\u00bb transform_styles_phone=\u00bb\u00bb transform_styles__hover_enabled=\u00bbon|desktop\u00bb transform_scale__hover_enabled=\u00bbon|desktop\u00bb transform_translate__hover_enabled=\u00bbon|desktop\u00bb transform_rotate__hover_enabled=\u00bbon|desktop\u00bb transform_skew__hover_enabled=\u00bbon|desktop\u00bb transform_origin__hover_enabled=\u00bbon|desktop\u00bb transform_scale__hover=\u00bb100%|100%\u00bb][\/et_pb_image][\/et_pb_column][et_pb_column type=\u00bb1_3&#8243; _builder_version=\u00bb4.5.6&#8243; _module_preset=\u00bbdefault\u00bb][et_pb_image src=\u00bbhttp:\/\/cgp.org.pe\/web\/wp-content\/uploads\/2021\/12\/b2.jpg\u00bb title_text=\u00bbb2&#8243; url=\u00bb@ET-DC@eyJkeW5hbWljIjp0cnVlLCJjb250ZW50IjoicG9zdF9saW5rX3VybF9wYWdlIiwic2V0dGluZ3MiOnsicG9zdF9pZCI6IjUwMCJ9fQ==@\u00bb use_overlay=\u00bbon\u00bb overlay_icon_color=\u00bb#df5327&#8243; hover_overlay_color=\u00bbrgba(0,0,0,0.5)\u00bb hover_icon=\u00bb%%204%%\u00bb align=\u00bbcenter\u00bb force_fullwidth=\u00bbon\u00bb _builder_version=\u00bb4.5.6&#8243; _dynamic_attributes=\u00bburl\u00bb _module_preset=\u00bbdefault\u00bb transform_scale=\u00bb95%|95%\u00bb transform_scale_tablet=\u00bb\u00bb transform_scale_phone=\u00bb\u00bb transform_scale_last_edited=\u00bbon|desktop\u00bb transform_translate_tablet=\u00bb\u00bb transform_translate_phone=\u00bb\u00bb transform_translate_last_edited=\u00bbon|desktop\u00bb transform_rotate_tablet=\u00bb\u00bb transform_rotate_phone=\u00bb\u00bb transform_rotate_last_edited=\u00bbon|desktop\u00bb transform_skew_tablet=\u00bb\u00bb transform_skew_phone=\u00bb\u00bb transform_skew_last_edited=\u00bbon|desktop\u00bb transform_origin_tablet=\u00bb\u00bb transform_origin_phone=\u00bb\u00bb transform_origin_last_edited=\u00bbon|desktop\u00bb transform_styles_last_edited=\u00bbon|desktop\u00bb animation_style=\u00bbslide\u00bb transform_styles_tablet=\u00bb\u00bb transform_styles_phone=\u00bb\u00bb transform_styles__hover_enabled=\u00bbon|desktop\u00bb transform_scale__hover_enabled=\u00bbon|desktop\u00bb transform_translate__hover_enabled=\u00bbon|desktop\u00bb transform_rotate__hover_enabled=\u00bbon|desktop\u00bb transform_skew__hover_enabled=\u00bbon|desktop\u00bb transform_origin__hover_enabled=\u00bbon|desktop\u00bb transform_scale__hover=\u00bb100%|100%\u00bb][\/et_pb_image][\/et_pb_column][et_pb_column type=\u00bb1_3&#8243; _builder_version=\u00bb4.5.6&#8243; _module_preset=\u00bbdefault\u00bb][et_pb_image src=\u00bbhttp:\/\/cgp.org.pe\/web\/wp-content\/uploads\/2021\/12\/b3.jpg\u00bb title_text=\u00bbb3&#8243; url=\u00bb@ET-DC@eyJkeW5hbWljIjp0cnVlLCJjb250ZW50IjoicG9zdF9saW5rX3VybF9wYWdlIiwic2V0dGluZ3MiOnsicG9zdF9pZCI6IjUxMiJ9fQ==@\u00bb use_overlay=\u00bbon\u00bb overlay_icon_color=\u00bb#df5327&#8243; hover_overlay_color=\u00bbrgba(0,0,0,0.5)\u00bb hover_icon=\u00bb%%204%%\u00bb align=\u00bbcenter\u00bb force_fullwidth=\u00bbon\u00bb _builder_version=\u00bb4.5.6&#8243; _dynamic_attributes=\u00bburl\u00bb _module_preset=\u00bbdefault\u00bb transform_scale=\u00bb95%|95%\u00bb transform_scale_tablet=\u00bb\u00bb transform_scale_phone=\u00bb\u00bb transform_scale_last_edited=\u00bbon|desktop\u00bb transform_translate_tablet=\u00bb\u00bb transform_translate_phone=\u00bb\u00bb transform_translate_last_edited=\u00bbon|desktop\u00bb transform_rotate_tablet=\u00bb\u00bb transform_rotate_phone=\u00bb\u00bb transform_rotate_last_edited=\u00bbon|desktop\u00bb transform_skew_tablet=\u00bb\u00bb transform_skew_phone=\u00bb\u00bb transform_skew_last_edited=\u00bbon|desktop\u00bb transform_origin_tablet=\u00bb\u00bb transform_origin_phone=\u00bb\u00bb transform_origin_last_edited=\u00bbon|desktop\u00bb transform_styles_last_edited=\u00bbon|desktop\u00bb animation_style=\u00bbslide\u00bb transform_styles_tablet=\u00bb\u00bb transform_styles_phone=\u00bb\u00bb transform_styles__hover_enabled=\u00bbon|desktop\u00bb transform_scale__hover_enabled=\u00bbon|desktop\u00bb transform_translate__hover_enabled=\u00bbon|desktop\u00bb transform_rotate__hover_enabled=\u00bbon|desktop\u00bb transform_skew__hover_enabled=\u00bbon|desktop\u00bb transform_origin__hover_enabled=\u00bbon|desktop\u00bb transform_scale__hover=\u00bb100%|100%\u00bb][\/et_pb_image][\/et_pb_column][\/et_pb_row][et_pb_row column_structure=\u00bb1_3,1_3,1_3&#8243; _builder_version=\u00bb4.5.6&#8243; _module_preset=\u00bbdefault\u00bb hover_enabled=\u00bb0&#8243; background_color=\u00bbrgba(0,0,0,0)\u00bb][et_pb_column type=\u00bb1_3&#8243; _builder_version=\u00bb4.5.6&#8243; _module_preset=\u00bbdefault\u00bb][et_pb_image src=\u00bbhttp:\/\/cgp.org.pe\/web\/wp-content\/uploads\/2021\/12\/b4.jpg\u00bb title_text=\u00bbb4&#8243; url=\u00bb@ET-DC@eyJkeW5hbWljIjp0cnVlLCJjb250ZW50IjoicG9zdF9saW5rX3VybF9wYWdlIiwic2V0dGluZ3MiOnsicG9zdF9pZCI6IjUyNiJ9fQ==@\u00bb use_overlay=\u00bbon\u00bb overlay_icon_color=\u00bb#df5327&#8243; hover_overlay_color=\u00bbrgba(0,0,0,0.5)\u00bb hover_icon=\u00bb%%204%%\u00bb align=\u00bbcenter\u00bb force_fullwidth=\u00bbon\u00bb _builder_version=\u00bb4.5.6&#8243; _dynamic_attributes=\u00bburl\u00bb _module_preset=\u00bbdefault\u00bb transform_scale=\u00bb95%|95%\u00bb transform_scale_tablet=\u00bb\u00bb transform_scale_phone=\u00bb\u00bb transform_scale_last_edited=\u00bbon|desktop\u00bb transform_translate_tablet=\u00bb\u00bb transform_translate_phone=\u00bb\u00bb transform_translate_last_edited=\u00bbon|desktop\u00bb transform_rotate_tablet=\u00bb\u00bb transform_rotate_phone=\u00bb\u00bb transform_rotate_last_edited=\u00bbon|desktop\u00bb transform_skew_tablet=\u00bb\u00bb transform_skew_phone=\u00bb\u00bb transform_skew_last_edited=\u00bbon|desktop\u00bb transform_origin_tablet=\u00bb\u00bb transform_origin_phone=\u00bb\u00bb transform_origin_last_edited=\u00bbon|desktop\u00bb transform_styles_last_edited=\u00bbon|desktop\u00bb animation_style=\u00bbslide\u00bb transform_styles_tablet=\u00bb\u00bb transform_styles_phone=\u00bb\u00bb transform_styles__hover_enabled=\u00bbon|desktop\u00bb transform_scale__hover_enabled=\u00bbon|desktop\u00bb transform_translate__hover_enabled=\u00bbon|desktop\u00bb transform_rotate__hover_enabled=\u00bbon|desktop\u00bb transform_skew__hover_enabled=\u00bbon|desktop\u00bb transform_origin__hover_enabled=\u00bbon|desktop\u00bb transform_scale__hover=\u00bb100%|100%\u00bb][\/et_pb_image][\/et_pb_column][et_pb_column type=\u00bb1_3&#8243; _builder_version=\u00bb4.5.6&#8243; _module_preset=\u00bbdefault\u00bb][et_pb_image src=\u00bbhttp:\/\/cgp.org.pe\/web\/wp-content\/uploads\/2021\/12\/b5.jpg\u00bb title_text=\u00bbb5&#8243; url=\u00bb@ET-DC@eyJkeW5hbWljIjp0cnVlLCJjb250ZW50IjoicG9zdF9saW5rX3VybF9wYWdlIiwic2V0dGluZ3MiOnsicG9zdF9pZCI6IjU0MCJ9fQ==@\u00bb use_overlay=\u00bbon\u00bb overlay_icon_color=\u00bb#df5327&#8243; hover_overlay_color=\u00bbrgba(0,0,0,0.5)\u00bb hover_icon=\u00bb%%204%%\u00bb align=\u00bbcenter\u00bb force_fullwidth=\u00bbon\u00bb _builder_version=\u00bb4.5.6&#8243; _dynamic_attributes=\u00bburl\u00bb _module_preset=\u00bbdefault\u00bb transform_scale=\u00bb95%|95%\u00bb transform_scale_tablet=\u00bb\u00bb transform_scale_phone=\u00bb\u00bb transform_scale_last_edited=\u00bbon|desktop\u00bb transform_translate_tablet=\u00bb\u00bb transform_translate_phone=\u00bb\u00bb transform_translate_last_edited=\u00bbon|desktop\u00bb transform_rotate_tablet=\u00bb\u00bb transform_rotate_phone=\u00bb\u00bb transform_rotate_last_edited=\u00bbon|desktop\u00bb transform_skew_tablet=\u00bb\u00bb transform_skew_phone=\u00bb\u00bb transform_skew_last_edited=\u00bbon|desktop\u00bb transform_origin_tablet=\u00bb\u00bb transform_origin_phone=\u00bb\u00bb transform_origin_last_edited=\u00bbon|desktop\u00bb transform_styles_last_edited=\u00bbon|desktop\u00bb animation_style=\u00bbslide\u00bb transform_styles_tablet=\u00bb\u00bb transform_styles_phone=\u00bb\u00bb transform_styles__hover_enabled=\u00bbon|desktop\u00bb transform_scale__hover_enabled=\u00bbon|desktop\u00bb transform_translate__hover_enabled=\u00bbon|desktop\u00bb transform_rotate__hover_enabled=\u00bbon|desktop\u00bb transform_skew__hover_enabled=\u00bbon|desktop\u00bb transform_origin__hover_enabled=\u00bbon|desktop\u00bb transform_scale__hover=\u00bb100%|100%\u00bb][\/et_pb_image][\/et_pb_column][et_pb_column type=\u00bb1_3&#8243; _builder_version=\u00bb4.5.6&#8243; _module_preset=\u00bbdefault\u00bb][et_pb_image src=\u00bbhttp:\/\/cgp.org.pe\/web\/wp-content\/uploads\/2021\/12\/b6.jpg\u00bb title_text=\u00bbb6&#8243; url=\u00bb@ET-DC@eyJkeW5hbWljIjp0cnVlLCJjb250ZW50IjoicG9zdF9saW5rX3VybF9wYWdlIiwic2V0dGluZ3MiOnsicG9zdF9pZCI6IjU1MCJ9fQ==@\u00bb use_overlay=\u00bbon\u00bb overlay_icon_color=\u00bb#df5327&#8243; hover_overlay_color=\u00bbrgba(0,0,0,0.5)\u00bb hover_icon=\u00bb%%204%%\u00bb align=\u00bbcenter\u00bb force_fullwidth=\u00bbon\u00bb _builder_version=\u00bb4.5.6&#8243; _dynamic_attributes=\u00bburl\u00bb _module_preset=\u00bbdefault\u00bb transform_scale=\u00bb95%|95%\u00bb transform_scale_tablet=\u00bb\u00bb transform_scale_phone=\u00bb\u00bb transform_scale_last_edited=\u00bbon|desktop\u00bb transform_translate_tablet=\u00bb\u00bb transform_translate_phone=\u00bb\u00bb transform_translate_last_edited=\u00bbon|desktop\u00bb transform_rotate_tablet=\u00bb\u00bb transform_rotate_phone=\u00bb\u00bb transform_rotate_last_edited=\u00bbon|desktop\u00bb transform_skew_tablet=\u00bb\u00bb transform_skew_phone=\u00bb\u00bb transform_skew_last_edited=\u00bbon|desktop\u00bb transform_origin_tablet=\u00bb\u00bb transform_origin_phone=\u00bb\u00bb transform_origin_last_edited=\u00bbon|desktop\u00bb transform_styles_last_edited=\u00bbon|desktop\u00bb animation_style=\u00bbslide\u00bb transform_styles_tablet=\u00bb\u00bb transform_styles_phone=\u00bb\u00bb transform_styles__hover_enabled=\u00bbon|desktop\u00bb transform_scale__hover_enabled=\u00bbon|desktop\u00bb transform_translate__hover_enabled=\u00bbon|desktop\u00bb transform_rotate__hover_enabled=\u00bbon|desktop\u00bb transform_skew__hover_enabled=\u00bbon|desktop\u00bb transform_origin__hover_enabled=\u00bbon|desktop\u00bb transform_scale__hover=\u00bb100%|100%\u00bb][\/et_pb_image][\/et_pb_column][\/et_pb_row][\/et_pb_section]<\/p>\n","protected":false},"excerpt":{"rendered":"<p>[et_pb_section fb_built=\u00bb1&#8243; _builder_version=\u00bb4.5.6&#8243; _module_preset=\u00bbdefault\u00bb custom_padding=\u00bb4px||0px|||\u00bb][et_pb_row column_structure=\u00bb1_4,1_2,1_4&#8243; use_custom_gutter=\u00bbon\u00bb gutter_width=\u00bb1&#8243; make_equal=\u00bbon\u00bb _builder_version=\u00bb4.5.6&#8243; _module_preset=\u00bbdefault\u00bb width=\u00bb101%\u00bb max_width=\u00bb2560px\u00bb custom_margin=\u00bb-8px|auto|0px|auto|false|false\u00bb custom_padding=\u00bb32px||0px|||\u00bb][et_pb_column type=\u00bb1_4&#8243; _builder_version=\u00bb4.5.6&#8243; _module_preset=\u00bbdefault\u00bb background_color=\u00bb#2D2D2D\u00bb background_image=\u00bbhttp:\/\/cgp.org.pe\/web\/wp-content\/uploads\/2021\/11\/portada-boletin2.jpg\u00bb background_size=\u00bbcontain\u00bb custom_padding=\u00bb||||false|false\u00bb][et_pb_image src=\u00bbhttp:\/\/cgp.org.pe\/web\/wp-content\/uploads\/2021\/11\/portada-boletin2.jpg\u00bb title_text=\u00bbportada-boletin2&#8243; force_fullwidth=\u00bbon\u00bb disabled_on=\u00bboff|off|on\u00bb _builder_version=\u00bb4.5.6&#8243; _module_preset=\u00bbdefault\u00bb][\/et_pb_image][\/et_pb_column][et_pb_column type=\u00bb1_2&#8243; _builder_version=\u00bb4.5.6&#8243; _module_preset=\u00bbdefault\u00bb custom_padding=\u00bb50px|50px||50px|false|false\u00bb custom_padding_tablet=\u00bb50px|50px||50px|false|false\u00bb custom_padding_phone=\u00bb50px|35px||35px|false|false\u00bb custom_padding_last_edited=\u00bbon|phone\u00bb][et_pb_text _builder_version=\u00bb4.5.6&#8243; _module_preset=\u00bbdefault\u00bb text_text_color=\u00bb#000000&#8243; header_font=\u00bb||||||||\u00bb header_text_color=\u00bb#000000&#8243; header_font_size=\u00bb55px\u00bb header_letter_spacing=\u00bb3px\u00bb header_3_font=\u00bbCourgette||||||||\u00bb header_3_font_size=\u00bb26px\u00bb custom_padding=\u00bb|5px|||false|false\u00bb border_width_bottom=\u00bb3px\u00bb border_color_bottom=\u00bb#fec306&#8243;] Bolet\u00edn del CGP [\/et_pb_text][et_pb_text _builder_version=\u00bb4.5.6&#8243; _module_preset=\u00bbdefault\u00bb header_font=\u00bb||||||||\u00bb header_font_size=\u00bb50px\u00bb [&hellip;]<\/p>\n","protected":false},"author":1,"featured_media":0,"parent":0,"menu_order":0,"comment_status":"closed","ping_status":"closed","template":"","meta":{"_et_pb_use_builder":"on","_et_pb_old_content":"<!-- wp:divi\/placeholder \/-->","_et_gb_content_width":"","footnotes":""},"class_list":["post-31","page","type-page","status-publish","hentry"],"_links":{"self":[{"href":"https:\/\/cgp.org.pe\/web\/wp-json\/wp\/v2\/pages\/31","targetHints":{"allow":["GET"]}}],"collection":[{"href":"https:\/\/cgp.org.pe\/web\/wp-json\/wp\/v2\/pages"}],"about":[{"href":"https:\/\/cgp.org.pe\/web\/wp-json\/wp\/v2\/types\/page"}],"author":[{"embeddable":true,"href":"https:\/\/cgp.org.pe\/web\/wp-json\/wp\/v2\/users\/1"}],"replies":[{"embeddable":true,"href":"https:\/\/cgp.org.pe\/web\/wp-json\/wp\/v2\/comments?post=31"}],"version-history":[{"count":40,"href":"https:\/\/cgp.org.pe\/web\/wp-json\/wp\/v2\/pages\/31\/revisions"}],"predecessor-version":[{"id":4511,"href":"https:\/\/cgp.org.pe\/web\/wp-json\/wp\/v2\/pages\/31\/revisions\/4511"}],"wp:attachment":[{"href":"https:\/\/cgp.org.pe\/web\/wp-json\/wp\/v2\/media?parent=31"}],"curies":[{"name":"wp","href":"https:\/\/api.w.org\/{rel}","templated":true}]}}