{"id":304,"date":"2021-11-22T14:50:52","date_gmt":"2021-11-22T14:50:52","guid":{"rendered":"https:\/\/cgp.org.pe\/web\/?page_id=304"},"modified":"2024-12-03T12:49:51","modified_gmt":"2024-12-03T17:49:51","slug":"boletin-01","status":"publish","type":"page","link":"https:\/\/cgp.org.pe\/web\/boletin\/boletin-01\/","title":{"rendered":"Bolet\u00edn 1"},"content":{"rendered":"<p>[et_pb_section fb_built=\u00bb1&#8243; _builder_version=\u00bb4.5.6&#8243; _module_preset=\u00bbdefault\u00bb custom_padding=\u00bb4px||0px|||\u00bb][et_pb_row column_structure=\u00bb1_4,1_2,1_4&#8243; use_custom_gutter=\u00bbon\u00bb gutter_width=\u00bb1&#8243; make_equal=\u00bbon\u00bb _builder_version=\u00bb4.5.6&#8243; _module_preset=\u00bbdefault\u00bb width=\u00bb101%\u00bb max_width=\u00bb2560px\u00bb custom_margin=\u00bb-8px|auto||auto|false|false\u00bb custom_padding=\u00bb2px||0px|||\u00bb animation_style=\u00bbfade\u00bb animation_direction=\u00bbtop\u00bb][et_pb_column type=\u00bb1_4&#8243; _builder_version=\u00bb4.5.6&#8243; _module_preset=\u00bbdefault\u00bb background_color=\u00bb#453C35&#8243; background_image=\u00bbhttp:\/\/cgp.org.pe\/web\/wp-content\/uploads\/2021\/12\/b1.jpg\u00bb background_size=\u00bbcontain\u00bb custom_padding=\u00bb||||false|false\u00bb][et_pb_image src=\u00bbhttp:\/\/cgp.org.pe\/web\/wp-content\/uploads\/2021\/12\/b1.jpg\u00bb title_text=\u00bbb1&#8243; align=\u00bbcenter\u00bb force_fullwidth=\u00bbon\u00bb disabled_on=\u00bboff|off|on\u00bb _builder_version=\u00bb4.5.6&#8243; _module_preset=\u00bbdefault\u00bb][\/et_pb_image][\/et_pb_column][et_pb_column type=\u00bb1_2&#8243; _builder_version=\u00bb4.5.6&#8243; _module_preset=\u00bbdefault\u00bb custom_padding=\u00bb3%|0%||4%|false|false\u00bb custom_padding_tablet=\u00bb50px|50px||50px|false|false\u00bb custom_padding_phone=\u00bb50px|35px||35px|false|false\u00bb custom_padding_last_edited=\u00bbon|tablet\u00bb][et_pb_text _builder_version=\u00bb4.5.6&#8243; _module_preset=\u00bbdefault\u00bb text_text_color=\u00bb#000000&#8243; header_font=\u00bb||||||||\u00bb header_text_color=\u00bb#000000&#8243; header_font_size=\u00bb55px\u00bb header_letter_spacing=\u00bb3px\u00bb header_3_font=\u00bbCourgette||||||||\u00bb header_3_font_size=\u00bb26px\u00bb custom_padding=\u00bb|5px|||false|false\u00bb border_width_bottom=\u00bb3px\u00bb border_color_bottom=\u00bb#fec306&#8243;]<\/p>\n<h1><span style=\"color: #ffffff;\">Bolet\u00edn N\u00ba1<\/span><\/h1>\n<p>[\/et_pb_text][et_pb_text _builder_version=\u00bb4.5.6&#8243; _module_preset=\u00bbdefault\u00bb text_font=\u00bbABeeZee|800|||||||\u00bb header_font=\u00bb||||||||\u00bb header_font_size=\u00bb50px\u00bb header_letter_spacing=\u00bb3px\u00bb header_3_font=\u00bbOpen Sans|700||||on|||\u00bb header_3_font_size=\u00bb24px\u00bb width=\u00bb100%\u00bb custom_padding=\u00bb12px|5px|||false|false\u00bb]<\/p>\n<h3><span style=\"color: #ffffff;\">ISSN 2411-6890<\/span><\/h3>\n<p>[\/et_pb_text][et_pb_text _builder_version=\u00bb4.5.6&#8243; _module_preset=\u00bbdefault\u00bb text_font_size=\u00bb17px\u00bb header_font=\u00bb||||||||\u00bb header_font_size=\u00bb50px\u00bb header_letter_spacing=\u00bb3px\u00bb header_3_font=\u00bbCourgette||||||||\u00bb header_3_font_size=\u00bb26px\u00bb custom_padding=\u00bb12px|41px|37px|41px|false|false\u00bb]<\/p>\n<p style=\"text-align: justify;\"><span style=\"color: #ffffff;\">El primer n\u00famero del Bolet\u00edn del Colegio de Ge\u00f3grafos del Per\u00fa, Bolet\u00edn CGP N\u00b0 01-2014, es el resultado de un gran esfuerzo colectivo; contiene siete trabajos de destacados ge\u00f3grafos peruanos y extranjeros. Es meritorio resaltar el aporte de la comunidad geogr\u00e1fica internacional con cinco de los siete art\u00edculos, cuyos autores son nativos de Espa\u00f1a, Cuba y Argentina.<\/span><\/p>\n<p style=\"text-align: justify;\"><span style=\"color: #ffffff;\">Las tem\u00e1ticas van desde la reflexi\u00f3n conceptual de temas como el paisaje y las tecnolog\u00edas de la informaci\u00f3n geogr\u00e1fica, pasando por el ensayo de m\u00e9todos para mejorar la comprensi\u00f3n de la informaci\u00f3n clim\u00e1tica registrada en los glaciares, y trabajos aplicados en base a experiencias profesionales, en temas como: Problemas ambientales en asentamientos humanos, geoecolog\u00eda y unidades de paisaje, Sistemas de Informaci\u00f3n Geogr\u00e1fica aplicado a los procesos electorales y el m\u00e9todo del caudal ecol\u00f3gico en la gesti\u00f3n del agua.<\/span><\/p>\n<p>[\/et_pb_text][et_pb_button button_url=\u00bbhttps:\/\/cgp.org.pe\/publicaciones\/boletin1\/B1.pdf\u00bb button_text=\u00bbdescargar bolet\u00edn\u00bb button_alignment=\u00bbright\u00bb _builder_version=\u00bb4.5.6&#8243; _module_preset=\u00bbdefault\u00bb custom_button=\u00bbon\u00bb button_text_size=\u00bb25px\u00bb button_text_color=\u00bb#000000&#8243; button_bg_color=\u00bb#fec306&#8243; button_border_width=\u00bb0px\u00bb button_border_radius=\u00bb0px\u00bb button_font=\u00bbAnton||||||||\u00bb button_use_icon=\u00bboff\u00bb background_layout=\u00bbdark\u00bb custom_margin=\u00bb21px||20px||false|false\u00bb button_text_size__hover_enabled=\u00bbon|hover\u00bb button_bg_color__hover_enabled=\u00bbon|desktop\u00bb button_bg_color__hover=\u00bb#000000&#8243; button_bg_enable_color__hover=\u00bbon\u00bb button_text_color__hover_enabled=\u00bbon|desktop\u00bb button_text_size__hover=\u00bb25px\u00bb button_text_color__hover=\u00bb#ffffff\u00bb][\/et_pb_button][\/et_pb_column][et_pb_column type=\u00bb1_4&#8243; _builder_version=\u00bb4.5.6&#8243; _module_preset=\u00bbdefault\u00bb custom_padding=\u00bb3%|3%||1%|false|false\u00bb custom_padding_tablet=\u00bb||30px||false|false\u00bb custom_padding_phone=\u00bb||30px||false|false\u00bb custom_padding_last_edited=\u00bbon|desktop\u00bb][et_pb_image src=\u00bbhttp:\/\/cgp.org.pe\/web\/wp-content\/uploads\/2021\/12\/fotos-b1.png\u00bb title_text=\u00bbfotos-b1&#8243; align_tablet=\u00bbcenter\u00bb align_phone=\u00bb\u00bb align_last_edited=\u00bbon|phone\u00bb _builder_version=\u00bb4.5.6&#8243; _module_preset=\u00bbdefault\u00bb custom_margin=\u00bb-3px||||false|false\u00bb custom_padding=\u00bb0px||0px|||\u00bb][\/et_pb_image][\/et_pb_column][\/et_pb_row][\/et_pb_section][et_pb_section fb_built=\u00bb1&#8243; disabled_on=\u00bboff|off|off\u00bb _builder_version=\u00bb4.5.6&#8243; _module_preset=\u00bbdefault\u00bb background_color=\u00bb#000000&#8243; custom_margin=\u00bb0px|||||\u00bb custom_padding=\u00bb16px||39px|||\u00bb top_divider_style=\u00bbarrow\u00bb top_divider_color=\u00bb#fec306&#8243; top_divider_height=\u00bb134px\u00bb animation_style=\u00bbfade\u00bb animation_direction=\u00bbtop\u00bb][et_pb_row _builder_version=\u00bb4.5.6&#8243; _module_preset=\u00bbdefault\u00bb custom_margin=\u00bb|auto|-5px|auto||\u00bb custom_padding=\u00bb14px||15px|||\u00bb][et_pb_column type=\u00bb4_4&#8243; _builder_version=\u00bb4.5.6&#8243; _module_preset=\u00bbdefault\u00bb][et_pb_text _builder_version=\u00bb4.5.6&#8243; _module_preset=\u00bbdefault\u00bb header_font=\u00bb|300|||||||\u00bb header_text_color=\u00bb#000000&#8243; header_font_size=\u00bb44px\u00bb]<\/p>\n<h1 style=\"text-align: center;\"><span style=\"color: #ffffff;\">Contenido<\/span><\/h1>\n<p>[\/et_pb_text][\/et_pb_column][\/et_pb_row][\/et_pb_section][et_pb_section fb_built=\u00bb1&#8243; _builder_version=\u00bb4.5.6&#8243; _module_preset=\u00bbdefault\u00bb custom_margin=\u00bb0px||||false|false\u00bb custom_padding=\u00bb0px||4px||false|false\u00bb][et_pb_row column_structure=\u00bb1_4,3_4&#8243; use_custom_gutter=\u00bbon\u00bb gutter_width=\u00bb1&#8243; make_equal=\u00bbon\u00bb _builder_version=\u00bb4.5.6&#8243; _module_preset=\u00bbdefault\u00bb width=\u00bb100%\u00bb max_width=\u00bb2560px\u00bb custom_padding=\u00bb0px||3px||false|false\u00bb][et_pb_column type=\u00bb1_4&#8243; _builder_version=\u00bb4.5.6&#8243; _module_preset=\u00bbdefault\u00bb background_image=\u00bbhttp:\/\/cgp.org.pe\/web\/wp-content\/uploads\/2021\/12\/b1-1.png\u00bb][\/et_pb_column][et_pb_column type=\u00bb3_4&#8243; _builder_version=\u00bb4.5.6&#8243; _module_preset=\u00bbdefault\u00bb background_color=\u00bbrgba(255,255,255,0.92)\u00bb background_image=\u00bbhttp:\/\/cgp.org.pe\/web\/wp-content\/uploads\/2021\/11\/peru-2184730_1920.jpg\u00bb background_blend=\u00bbcolor\u00bb custom_padding=\u00bb4%|5%|2%|5%|false|false\u00bb custom_padding_tablet=\u00bb50px|50px|35px|50px|false|false\u00bb custom_padding_phone=\u00bb50px|35px|35px|35px|false|false\u00bb custom_padding_last_edited=\u00bbon|phone\u00bb][et_pb_text _builder_version=\u00bb4.5.6&#8243; _module_preset=\u00bbdefault\u00bb text_text_color=\u00bb#000000&#8243; header_font=\u00bb||||||||\u00bb header_text_color=\u00bb#000000&#8243; header_font_size=\u00bb40px\u00bb header_letter_spacing=\u00bb3px\u00bb header_3_font=\u00bbCourgette||||||||\u00bb header_3_font_size=\u00bb26px\u00bb custom_margin=\u00bb||30px|||\u00bb custom_padding=\u00bb|5px|||false|false\u00bb border_width_bottom=\u00bb3px\u00bb border_color_bottom=\u00bb#fec306&#8243;]<\/p>\n<h1><span style=\"color: #ffffff;\">Editorial<\/span><\/h1>\n<p>[\/et_pb_text][et_pb_text _builder_version=\u00bb4.5.6&#8243; _module_preset=\u00bbdefault\u00bb custom_padding=\u00bb28px|45px|24px|45px||\u00bb]<\/p>\n<p style=\"text-align: justify;\"><span style=\"color: #ffffff;\"><em>En el presente contexto donde la geograf\u00eda viene ganando presencia a nivel profesional y acad\u00e9mico para la toma de decisiones, su utilidad se acent\u00faa para entender y afrontar diversos problemas a nivel territorial. Por lo tanto, resulta fundamental facilitar la divulgaci\u00f3n del conocimiento contribuyendo a la institucionalizaci\u00f3n de la discusi\u00f3n geogr\u00e1fica.<\/em><\/span><\/p>\n<p style=\"text-align: justify;\"><span style=\"color: #ffffff;\"><em>El primer n\u00famero del Bolet\u00edn del Colegio de Ge\u00f3grafos del Per\u00fa, Bolet\u00edn CGP N\u00b0 01-2014, es el resultado de un gran esfuerzo colectivo; contiene siete trabajos de destacados ge\u00f3grafos peruanos y extranjeros. Es meritorio resaltar el aporte de la comunidad geogr\u00e1fica internacional con cinco de los siete art\u00edculos, cuyos autores son nativos de Espa\u00f1a, Cuba y Argentina.<\/em><\/span><\/p>\n<p style=\"text-align: justify;\"><span style=\"color: #ffffff;\"><em>Las tem\u00e1ticas van desde la reflexi\u00f3n conceptual de temas como el paisaje y las tecnolog\u00edas de la informaci\u00f3n geogr\u00e1fica, pasando por el ensayo de m\u00e9todos para mejorar la comprensi\u00f3n de la informaci\u00f3n clim\u00e1tica registrada en los glaciares, y trabajos aplicados en base a experiencias profesionales, en temas como: Problemas ambientales en asentamientos humanos, geoecolog\u00eda y unidades de paisaje, Sistemas de Informaci\u00f3n Geogr\u00e1fica aplicado a los\u00a0 procesos electorales y el m\u00e9todo del caudal ecol\u00f3gico en la gesti\u00f3n del agua.<\/em><\/span><\/p>\n<p style=\"text-align: justify;\"><span style=\"color: #ffffff;\"><em>El primer art\u00edculo, diserta sobre la evoluci\u00f3n de las formas de entender, interpretar y valorar el orden natural del paisaje, destacando los esfuerzos de los ge\u00f3grafos por analizarlo objetivamente; el segundo, analiza la problem\u00e1tica ambiental en barrios insalubres, en base a un estudio de caso en el municipio Cerro, La Habana, con el fin de proponer acciones que permitan mejorar las condiciones de vida de la poblaci\u00f3n; el tercero, aborda el desarrollo de las Geotecnolog\u00edas y su impacto en las teor\u00edas y m\u00e9todos de la Geograf\u00eda, as\u00ed como el desarrollo de la ciencia hacia lo que el autor define como Geograf\u00eda Global y la Neogeograf\u00eda;el cuarto, se analiza el marco conceptual y metodol\u00f3gico del caudal ecol\u00f3gico, as\u00ed como su importancia en la gesti\u00f3n del agua, especialmente en la ejecuci\u00f3n de proyectos de infraestructura; el quinto, analiza los paisajes geogr\u00e1ficos de la cuenca del r\u00edo Ariguanabo, Cuba, desde su identificaci\u00f3n y delimitaci\u00f3n cartograf\u00eda hasta su an\u00e1lisis y diagn\u00f3stico en base a indicadores de sensibilidad y conflictos de uso; el sexto, se analiza la aplicaci\u00f3n de los Sistemas de Informaci\u00f3n Geogr\u00e1fica en los procesos electorales en base a un proyecto piloto que tiene como objetivo optimizar la localizaci\u00f3n de los locales de votaci\u00f3n en funci\u00f3n de la ubicaci\u00f3n del elector; y el s\u00e9ptimo, analiza las evidencias de cambios en el clima pasado aplicando m\u00e9todos basados en las evidencias geomorfol\u00f3gicas dejadas por el \u00faltimo avance de los glaciares, en la denominada peque\u00f1a edad del hielo, la aplicaci\u00f3n de los m\u00e9todos se realiza en tres glaciares de la Cordillera Occidental de los Andes Centrales.<\/em><\/span><\/p>\n<p style=\"text-align: justify;\"><span style=\"color: #ffffff;\"><em>Estamos seguros que los temas ser\u00e1n de su inter\u00e9s, por lo que invitamos a leer y abrir un espacio de discusi\u00f3n de cada uno de los art\u00edculos. Asimismo, invitamos a presentar sus investigaciones para el siguiente n\u00famero de nuestro bolet\u00edn, para lo cual pueden escribirnos a la direcci\u00f3n electr\u00f3nica: <a href=\"mailto:cgp.asuntossociales@gmail.com\" style=\"color: #ffffff;\">cgp.asuntossociales@gmail.com<\/a> o <a href=\"mailto:cgpsec@gmail.com\" style=\"color: #ffffff;\">cgpsec@gmail.com<\/a>.<\/em><\/span><\/p>\n<p style=\"text-align: right;\"><span style=\"color: #ffffff;\"><em>Gilmer Medina Tarrillo<\/em><\/span><\/p>\n<p style=\"text-align: right;\"><span style=\"color: #ffffff;\"><em><strong>Director<\/strong><\/em><\/span><\/p>\n<p>[\/et_pb_text][\/et_pb_column][\/et_pb_row][\/et_pb_section][et_pb_section fb_built=\u00bb1&#8243; _builder_version=\u00bb4.5.6&#8243; _module_preset=\u00bbdefault\u00bb background_color=\u00bb#ffffff\u00bb background_enable_image=\u00bboff\u00bb background_position=\u00bbtop_left\u00bb background_blend=\u00bbsoft-light\u00bb max_width=\u00bb100%\u00bb module_alignment=\u00bbcenter\u00bb custom_margin=\u00bb-6px|||||\u00bb custom_padding=\u00bb36px|||||\u00bb top_divider_height=\u00bb52px\u00bb][et_pb_row column_structure=\u00bb1_4,3_4&#8243; _builder_version=\u00bb4.5.6&#8243; _module_preset=\u00bbdefault\u00bb max_width=\u00bb2560px\u00bb][et_pb_column type=\u00bb1_4&#8243; _builder_version=\u00bb4.5.6&#8243; _module_preset=\u00bbdefault\u00bb][et_pb_image src=\u00bbhttp:\/\/cgp.org.pe\/web\/wp-content\/uploads\/2021\/12\/fotos-b1.png\u00bb title_text=\u00bbfotos-b1&#8243; align=\u00bbcenter\u00bb align_tablet=\u00bb\u00bb align_phone=\u00bb\u00bb align_last_edited=\u00bbon|desktop\u00bb _builder_version=\u00bb4.5.6&#8243; _module_preset=\u00bbdefault\u00bb custom_padding_tablet=\u00bb||35px||false|false\u00bb custom_padding_phone=\u00bb||35px||false|false\u00bb custom_padding_last_edited=\u00bbon|phone\u00bb][\/et_pb_image][\/et_pb_column][et_pb_column type=\u00bb3_4&#8243; _builder_version=\u00bb4.5.6&#8243; _module_preset=\u00bbdefault\u00bb][et_pb_text _builder_version=\u00bb4.5.6&#8243; _module_preset=\u00bbdefault\u00bb text_text_color=\u00bb#000000&#8243; header_font=\u00bb||||||||\u00bb header_text_color=\u00bb#000000&#8243; header_font_size=\u00bb40px\u00bb header_letter_spacing=\u00bb3px\u00bb header_3_font=\u00bbCourgette||||||||\u00bb header_3_font_size=\u00bb26px\u00bb custom_margin=\u00bb||15px|||\u00bb custom_padding=\u00bb|5px|||false|false\u00bb border_width_bottom=\u00bb3px\u00bb border_color_bottom=\u00bb#fec306&#8243;]<\/p>\n<h1><span style=\"color: #ffffff;\">Art\u00edculos<\/span><\/h1>\n<p>[\/et_pb_text][et_pb_text _builder_version=\u00bb4.5.6&#8243; _module_preset=\u00bbdefault\u00bb text_text_color=\u00bb#000000&#8243; text_font_size=\u00bb15px\u00bb text_line_height=\u00bb1.1em\u00bb header_2_font=\u00bb|800|||||||\u00bb header_2_text_color=\u00bb#000000&#8243; header_2_font_size=\u00bb40px\u00bb header_2_line_height=\u00bb1.4em\u00bb header_4_font=\u00bbOpen Sans|700||||on|||\u00bb header_4_text_color=\u00bb#000000&#8243; header_4_line_height=\u00bb1.1em\u00bb background_layout=\u00bbdark\u00bb width=\u00bb100%\u00bb min_height=\u00bb488.7px\u00bb custom_margin=\u00bb|-18px||||\u00bb custom_padding=\u00bb15px|||||\u00bb header_4_text_color__hover_enabled=\u00bbon|desktop\u00bb header_4_text_color__hover=\u00bb#df5327&#8243;]<\/p>\n<h4><span style=\"color: #ffffff;\"><a href=\"https:\/\/cgp.org.pe\/publicaciones\/boletin1\/B1-01.pdf\" style=\"color: #ffffff;\">El orden natural del paisaje<\/a><\/span><br \/><span style=\"color: #ffffff;\"> <b><\/b><\/span><\/h4>\n<p><span style=\"color: #ffffff;\"><em>Julio Mu\u00f1oz Jim\u00e9nez<\/em><\/span><\/p>\n<h4><span style=\"color: #ffffff;\"><a href=\"https:\/\/cgp.org.pe\/publicaciones\/boletin1\/B1-02.pdf\" style=\"color: #ffffff;\">Problem\u00e1tica ambiental de los asentamientos insalubres en el Municipio Cerro, La Habana: Potencialidades para el desarrollo local<\/a><\/span><\/h4>\n<p><span style=\"color: #ffffff;\"><em>Nancy P\u00e9rez Rodr\u00edguez; Jorge Rodr\u00edguez Veliz; Midelkys Mart\u00ednez Mesa<\/em><\/span><\/p>\n<h4><span style=\"color: #ffffff;\"><a href=\"https:\/\/cgp.org.pe\/publicaciones\/boletin1\/B1-03.pdf\" style=\"color: #ffffff;\">Neogeograf\u00eda y sociedad de la informaci\u00f3n geogr\u00e1fica. Una nueva etapa en la historia de la Geograf\u00eda<\/a><\/span><\/h4>\n<p><span style=\"color: #ffffff;\"><em>Gustavo D. Buzai<\/em><\/span><\/p>\n<h4><span style=\"color: #ffffff;\"><a href=\"https:\/\/cgp.org.pe\/publicaciones\/boletin1\/B1-04.pdf\" style=\"color: #ffffff;\">El caudal ecol\u00f3gico en la gesti\u00f3n del agua<\/a><\/span><\/h4>\n<p><span style=\"color: #ffffff;\"><em>\u00c1ngel Celso Rojas Rosales<\/em><\/span><\/p>\n<h4><span style=\"color: #ffffff;\"><a href=\"https:\/\/cgp.org.pe\/publicaciones\/boletin1\/B1-05.pdf\" style=\"color: #ffffff;\">Los paisajes de la cuenca hidrogr\u00e1fica Ariguanabo, su evaluaci\u00f3n y caracter\u00edsticas de su paisaje natural protegido \u201cR\u00edo Ariguanabo<\/a>\u201d<\/span><\/h4>\n<p><span style=\"color: #ffffff;\"><em>Eduardo Salinas, Alberto E. Garc\u00eda, B\u00e1rbara Liz Miravet, Elizabeth Crua\u00f1as, Ricardo Remond y Adri\u00e1n Mart\u00ednez<\/em><\/span><\/p>\n<h4><span style=\"color: #ffffff;\"><a href=\"https:\/\/cgp.org.pe\/publicaciones\/boletin1\/B1-06.pdf\" style=\"color: #ffffff;\">La georreferenciaci\u00f3n del registro de direcciones de los votantes. Al servicio de los ciudadanos y para beneficio del estado: Aplicaci\u00f3n de t\u00e9cnicas geogr\u00e1fica<\/a><\/span><\/h4>\n<p><span style=\"color: #ffffff;\"><em>Eduardo Tena del Pino<\/em><\/span><\/p>\n<h4><span style=\"color: #ffffff;\"><a href=\"https:\/\/cgp.org.pe\/publicaciones\/boletin1\/B1-07.pdf\" style=\"color: #ffffff;\">Evaluaci\u00f3n del enfriamiento del clima durante la peque\u00f1a edad del hielo en los andes centrales deducido de la altitud de la l\u00ednea de equilibrio de glaciares actuales y pasados<\/a><a href=\"https:\/\/cgp.org.pe\/publicaciones\/boletin1\/B1-07.pdf\" style=\"color: #ffffff;\"><\/a><\/span><\/h4>\n<p><span style=\"color: #ffffff;\"><em>Jose \u00dabeda, N\u00e9stor Campos, Claudia Gir\u00e1ldez, Eduardo Garc\u00eda, Tatiana Quir\u00f3s, David Palacios<\/em><\/span><\/p>\n<p>[\/et_pb_text][\/et_pb_column][\/et_pb_row][\/et_pb_section][et_pb_section fb_built=\u00bb1&#8243; _builder_version=\u00bb4.5.6&#8243; _module_preset=\u00bbdefault\u00bb background_color=\u00bb#000000&#8243; custom_padding=\u00bb16px||39px|||\u00bb top_divider_style=\u00bbarrow\u00bb top_divider_color=\u00bb#fec306&#8243; top_divider_height=\u00bb134px\u00bb][et_pb_row _builder_version=\u00bb4.5.6&#8243; _module_preset=\u00bbdefault\u00bb custom_margin=\u00bb|auto|-5px|auto||\u00bb custom_padding=\u00bb14px||15px|||\u00bb][et_pb_column type=\u00bb4_4&#8243; _builder_version=\u00bb4.5.6&#8243; _module_preset=\u00bbdefault\u00bb][et_pb_text _builder_version=\u00bb4.5.6&#8243; _module_preset=\u00bbdefault\u00bb header_font=\u00bb|300|||||||\u00bb header_text_color=\u00bb#000000&#8243; header_font_size=\u00bb44px\u00bb]<\/p>\n<h1 style=\"text-align: center;\">Equipo<\/h1>\n<p>[\/et_pb_text][\/et_pb_column][\/et_pb_row][\/et_pb_section][et_pb_section fb_built=\u00bb1&#8243; _builder_version=\u00bb4.5.6&#8243; _module_preset=\u00bbdefault\u00bb background_color=\u00bb#ffffff\u00bb background_enable_image=\u00bboff\u00bb background_position=\u00bbtop_left\u00bb background_blend=\u00bbsoft-light\u00bb max_width=\u00bb100%\u00bb module_alignment=\u00bbcenter\u00bb min_height=\u00bb813px\u00bb custom_margin=\u00bb-10px|||||\u00bb custom_padding=\u00bb||0px|||\u00bb top_divider_height=\u00bb52px\u00bb][et_pb_row _builder_version=\u00bb4.5.6&#8243; _module_preset=\u00bbdefault\u00bb][et_pb_column type=\u00bb4_4&#8243; _builder_version=\u00bb4.5.6&#8243; _module_preset=\u00bbdefault\u00bb][et_pb_text _builder_version=\u00bb4.5.6&#8243; _module_preset=\u00bbdefault\u00bb header_4_font=\u00bbOpen Sans|||||on|||\u00bb min_height=\u00bb600.8px\u00bb]<\/p>\n<h1 style=\"text-align: center;\"><span style=\"color: #ffffff;\"><\/span><\/h1>\n<h1 style=\"text-align: center;\"><span style=\"color: #ffffff;\"><\/span><\/h1>\n<h1 style=\"text-align: center;\"><span style=\"color: #ffffff;\">Bolet\u00edn del Colegio de Ge\u00f3grafos del Per\u00fa<\/span><\/h1>\n<p style=\"text-align: center;\"><span style=\"color: #ffffff;\"><strong><em>Publicaci\u00f3n digital de investigaciones geogr\u00e1ficas<\/em><\/strong><\/span><\/p>\n<p style=\"text-align: center;\"><span style=\"color: #ffffff;\"><em>N\u00famero 1 &#8211; 2014<\/em><\/span><\/p>\n<h4 style=\"text-align: center;\"><\/h4>\n<h4 style=\"text-align: center;\"><span style=\"color: #ffffff;\">Direcci\u00f3n:<\/span><\/h4>\n<p style=\"text-align: center;\"><span style=\"color: #ffffff;\"><em>Ge\u00f3g. Gilmer Medina Tarrillo<\/em><\/span><\/p>\n<h4 style=\"text-align: center;\"><span style=\"color: #ffffff;\">Equipo de redacci\u00f3n:<\/span><\/h4>\n<p style=\"text-align: center;\"><span style=\"color: #ffffff;\"><em>Ge\u00f3g. John James Bera\u00fan Chaca<\/em><\/span><\/p>\n<p style=\"text-align: center;\"><span style=\"color: #ffffff;\"><em>Ge\u00f3g. Jos\u00e9 Manuel Mamani Ccoto<\/em><\/span><\/p>\n<h4 style=\"text-align: center;\"><span style=\"color: #ffffff;\">Consejo asesor:<\/span><\/h4>\n<p style=\"text-align: center;\"><span style=\"color: #ffffff;\"><em>Dra. Alicia Huamantinco Araujo, Universidad Nacional Mayor de San Marcos, Per\u00fa<\/em><\/span><\/p>\n<p style=\"text-align: center;\"><span style=\"color: #ffffff;\"><em>Dr. Hildegardo C\u00f3rdova Aguilar, Pontificia Universidad Cat\u00f3lica del Per\u00fa, Per\u00fa<\/em><\/span><\/p>\n<p style=\"text-align: center;\"><span style=\"color: #ffffff;\"><em>Dr. Jose \u00dabeda Palenque, Universidad Complutense de Madrid, Espa\u00f1a<\/em><\/span><\/p>\n<p style=\"text-align: center;\"><span style=\"color: #ffffff;\"><em>Ge\u00f3g. Miguel Alva Huayaney, Universidad Nacional Mayor de San Marcos, Per\u00fa<\/em><\/span><\/p>\n<h4 style=\"text-align: center;\"><span style=\"color: #ffffff;\">Colaboradoras:<\/span><\/h4>\n<p style=\"text-align: center;\"><span style=\"color: #ffffff;\"><em>Ge\u00f3g. Marilyn Ishikawa<\/em><\/span><\/p>\n<p style=\"text-align: center;\"><span style=\"color: #ffffff;\"><em>Srta. Leyla Benites Rosas<\/em><\/span><\/p>\n<p>[\/et_pb_text][\/et_pb_column][\/et_pb_row][\/et_pb_section]<\/p>\n","protected":false},"excerpt":{"rendered":"<p>[et_pb_section fb_built=\u00bb1&#8243; _builder_version=\u00bb4.5.6&#8243; _module_preset=\u00bbdefault\u00bb custom_padding=\u00bb4px||0px|||\u00bb][et_pb_row column_structure=\u00bb1_4,1_2,1_4&#8243; use_custom_gutter=\u00bbon\u00bb gutter_width=\u00bb1&#8243; make_equal=\u00bbon\u00bb _builder_version=\u00bb4.5.6&#8243; _module_preset=\u00bbdefault\u00bb width=\u00bb101%\u00bb max_width=\u00bb2560px\u00bb custom_margin=\u00bb-8px|auto||auto|false|false\u00bb custom_padding=\u00bb2px||0px|||\u00bb animation_style=\u00bbfade\u00bb animation_direction=\u00bbtop\u00bb][et_pb_column type=\u00bb1_4&#8243; _builder_version=\u00bb4.5.6&#8243; _module_preset=\u00bbdefault\u00bb background_color=\u00bb#453C35&#8243; background_image=\u00bbhttp:\/\/cgp.org.pe\/web\/wp-content\/uploads\/2021\/12\/b1.jpg\u00bb background_size=\u00bbcontain\u00bb custom_padding=\u00bb||||false|false\u00bb][et_pb_image src=\u00bbhttp:\/\/cgp.org.pe\/web\/wp-content\/uploads\/2021\/12\/b1.jpg\u00bb title_text=\u00bbb1&#8243; align=\u00bbcenter\u00bb force_fullwidth=\u00bbon\u00bb disabled_on=\u00bboff|off|on\u00bb _builder_version=\u00bb4.5.6&#8243; _module_preset=\u00bbdefault\u00bb][\/et_pb_image][\/et_pb_column][et_pb_column type=\u00bb1_2&#8243; _builder_version=\u00bb4.5.6&#8243; _module_preset=\u00bbdefault\u00bb custom_padding=\u00bb3%|0%||4%|false|false\u00bb custom_padding_tablet=\u00bb50px|50px||50px|false|false\u00bb custom_padding_phone=\u00bb50px|35px||35px|false|false\u00bb custom_padding_last_edited=\u00bbon|tablet\u00bb][et_pb_text _builder_version=\u00bb4.5.6&#8243; _module_preset=\u00bbdefault\u00bb text_text_color=\u00bb#000000&#8243; header_font=\u00bb||||||||\u00bb header_text_color=\u00bb#000000&#8243; header_font_size=\u00bb55px\u00bb header_letter_spacing=\u00bb3px\u00bb header_3_font=\u00bbCourgette||||||||\u00bb header_3_font_size=\u00bb26px\u00bb custom_padding=\u00bb|5px|||false|false\u00bb border_width_bottom=\u00bb3px\u00bb border_color_bottom=\u00bb#fec306&#8243;] Bolet\u00edn N\u00ba1 [\/et_pb_text][et_pb_text _builder_version=\u00bb4.5.6&#8243; _module_preset=\u00bbdefault\u00bb [&hellip;]<\/p>\n","protected":false},"author":1,"featured_media":0,"parent":31,"menu_order":0,"comment_status":"closed","ping_status":"closed","template":"","meta":{"_et_pb_use_builder":"on","_et_pb_old_content":"","_et_gb_content_width":"","footnotes":""},"class_list":["post-304","page","type-page","status-publish","hentry"],"_links":{"self":[{"href":"https:\/\/cgp.org.pe\/web\/wp-json\/wp\/v2\/pages\/304","targetHints":{"allow":["GET"]}}],"collection":[{"href":"https:\/\/cgp.org.pe\/web\/wp-json\/wp\/v2\/pages"}],"about":[{"href":"https:\/\/cgp.org.pe\/web\/wp-json\/wp\/v2\/types\/page"}],"author":[{"embeddable":true,"href":"https:\/\/cgp.org.pe\/web\/wp-json\/wp\/v2\/users\/1"}],"replies":[{"embeddable":true,"href":"https:\/\/cgp.org.pe\/web\/wp-json\/wp\/v2\/comments?post=304"}],"version-history":[{"count":65,"href":"https:\/\/cgp.org.pe\/web\/wp-json\/wp\/v2\/pages\/304\/revisions"}],"predecessor-version":[{"id":4654,"href":"https:\/\/cgp.org.pe\/web\/wp-json\/wp\/v2\/pages\/304\/revisions\/4654"}],"up":[{"embeddable":true,"href":"https:\/\/cgp.org.pe\/web\/wp-json\/wp\/v2\/pages\/31"}],"wp:attachment":[{"href":"https:\/\/cgp.org.pe\/web\/wp-json\/wp\/v2\/media?parent=304"}],"curies":[{"name":"wp","href":"https:\/\/api.w.org\/{rel}","templated":true}]}}