{"id":23,"date":"2020-08-11T22:37:25","date_gmt":"2020-08-11T22:37:25","guid":{"rendered":"https:\/\/cgp.org.pe\/web\/?page_id=23"},"modified":"2026-02-06T18:46:44","modified_gmt":"2026-02-06T23:46:44","slug":"colegiatura","status":"publish","type":"page","link":"https:\/\/cgp.org.pe\/web\/colegiatura\/","title":{"rendered":"Colegiatura"},"content":{"rendered":"<p>[et_pb_section fb_built=\u00bb1&#8243; disabled_on=\u00bbon|on|off\u00bb _builder_version=\u00bb4.5.6&#8243; _module_preset=\u00bbdefault\u00bb background_image=\u00bbhttp:\/\/cgp.org.pe\/web\/wp-content\/uploads\/2021\/11\/fondob.jpg\u00bb background_position=\u00bbbottom_left\u00bb top_divider_color=\u00bb#000000&#8243; bottom_divider_color=\u00bb#21ba8f\u00bb custom_css_main_element=\u00bb  height: 100vh;\u00bb collapsed=\u00bboff\u00bb][et_pb_row column_structure=\u00bb1_4,3_4&#8243; use_custom_gutter=\u00bbon\u00bb gutter_width=\u00bb2&#8243; _builder_version=\u00bb4.5.6&#8243; _module_preset=\u00bbdefault\u00bb width=\u00bb85%\u00bb max_width=\u00bb2560px\u00bb][et_pb_column type=\u00bb1_4&#8243; _builder_version=\u00bb4.5.6&#8243; _module_preset=\u00bbdefault\u00bb][et_pb_image src=\u00bbhttp:\/\/cgp.org.pe\/web\/wp-content\/uploads\/2024\/07\/ISOTIPO-removebg-preview.png\u00bb _builder_version=\u00bb4.5.6&#8243; _module_preset=\u00bbdefault\u00bb custom_margin=\u00bb|1px||||\u00bb][\/et_pb_image][\/et_pb_column][et_pb_column type=\u00bb3_4&#8243; _builder_version=\u00bb4.5.6&#8243; _module_preset=\u00bbdefault\u00bb][et_pb_text _builder_version=\u00bb4.5.6&#8243; _module_preset=\u00bbdefault\u00bb header_font=\u00bb|300|||||||\u00bb header_text_color=\u00bb#000000&#8243; header_font_size=\u00bb77px\u00bb custom_margin=\u00bb||18px|||\u00bb custom_padding=\u00bb1%||||false|false\u00bb header_text_shadow_style=\u00bbpreset1&#8243;]<\/p>\n<h1><span style=\"color: #ffffff;\">Colegiatura<\/span><\/h1>\n<p>[\/et_pb_text][et_pb_text _builder_version=\u00bb4.5.6&#8243; _module_preset=\u00bbdefault\u00bb header_font=\u00bbCourgette|300|||||||\u00bb header_text_color=\u00bb#ffffff\u00bb header_font_size=\u00bb55px\u00bb custom_padding=\u00bb5px|||||\u00bb header_text_shadow_style=\u00bbpreset1&#8243;]<\/p>\n<h1>Pasos para colegiarse<\/h1>\n<p>[\/et_pb_text][\/et_pb_column][\/et_pb_row][et_pb_row column_structure=\u00bb1_4,1_4,1_4,1_4&#8243; _builder_version=\u00bb4.5.6&#8243; _module_preset=\u00bbdefault\u00bb width=\u00bb55%\u00bb max_width=\u00bb2560px\u00bb custom_padding=\u00bb||13px|||\u00bb][et_pb_column type=\u00bb1_4&#8243; _builder_version=\u00bb4.5.6&#8243; _module_preset=\u00bbdefault\u00bb][et_pb_image src=\u00bbhttp:\/\/cgp.org.pe\/web\/wp-content\/uploads\/2022\/01\/documentos-2.png\u00bb title_text=\u00bbdocumentos-2&#8243; align=\u00bbcenter\u00bb _builder_version=\u00bb4.5.6&#8243; _module_preset=\u00bbdefault\u00bb][\/et_pb_image][\/et_pb_column][et_pb_column type=\u00bb1_4&#8243; _builder_version=\u00bb4.5.6&#8243; _module_preset=\u00bbdefault\u00bb][et_pb_image src=\u00bbhttp:\/\/cgp.org.pe\/web\/wp-content\/uploads\/2021\/11\/entrega.png\u00bb title_text=\u00bbentrega\u00bb _builder_version=\u00bb4.5.6&#8243; _module_preset=\u00bbdefault\u00bb][\/et_pb_image][\/et_pb_column][et_pb_column type=\u00bb1_4&#8243; _builder_version=\u00bb4.5.6&#8243; _module_preset=\u00bbdefault\u00bb][et_pb_image src=\u00bbhttp:\/\/cgp.org.pe\/web\/wp-content\/uploads\/2021\/11\/mail.png\u00bb title_text=\u00bbmail\u00bb _builder_version=\u00bb4.5.6&#8243; _module_preset=\u00bbdefault\u00bb][\/et_pb_image][\/et_pb_column][et_pb_column type=\u00bb1_4&#8243; _builder_version=\u00bb4.5.6&#8243; _module_preset=\u00bbdefault\u00bb][et_pb_image src=\u00bbhttp:\/\/cgp.org.pe\/web\/wp-content\/uploads\/2021\/11\/documentos.png\u00bb title_text=\u00bbdocumentos\u00bb _builder_version=\u00bb4.5.6&#8243; _module_preset=\u00bbdefault\u00bb][\/et_pb_image][\/et_pb_column][\/et_pb_row][et_pb_row column_structure=\u00bb1_4,1_4,1_4,1_4&#8243; _builder_version=\u00bb4.5.6&#8243; _module_preset=\u00bbdefault\u00bb width=\u00bb55%\u00bb max_width=\u00bb2560px\u00bb custom_padding=\u00bb|15px|13px|13px||\u00bb][et_pb_column type=\u00bb1_4&#8243; _builder_version=\u00bb4.5.6&#8243; _module_preset=\u00bbdefault\u00bb][et_pb_text _builder_version=\u00bb4.5.6&#8243; _module_preset=\u00bbdefault\u00bb text_line_height=\u00bb1.2em\u00bb background_layout=\u00bbdark\u00bb]<\/p>\n<p style=\"text-align: center;\">Reunir documentaci\u00f3n correspondiente (leer documentos para colegiarse)<\/p>\n<p>[\/et_pb_text][\/et_pb_column][et_pb_column type=\u00bb1_4&#8243; _builder_version=\u00bb4.5.6&#8243; _module_preset=\u00bbdefault\u00bb][et_pb_text _builder_version=\u00bb4.5.6&#8243; _module_preset=\u00bbdefault\u00bb text_line_height=\u00bb1.2em\u00bb background_layout=\u00bbdark\u00bb]<\/p>\n<p style=\"text-align: center;\">Abonar pago por concepto de inscripci\u00f3n al CGP- Colegio de Ge\u00f3grafos del Per\u00fa<\/p>\n<p style=\"text-align: center;\">T\u00edtulo nacional: S\/720<\/p>\n<p style=\"text-align: center;\">T\u00edtulo extranjero: S\/1320<\/p>\n<p>[\/et_pb_text][\/et_pb_column][et_pb_column type=\u00bb1_4&#8243; _builder_version=\u00bb4.5.6&#8243; _module_preset=\u00bbdefault\u00bb][et_pb_text _builder_version=\u00bb4.5.6&#8243; _module_preset=\u00bbdefault\u00bb text_text_color=\u00bb#ffffff\u00bb text_line_height=\u00bb1.2em\u00bb link_text_color=\u00bb#ffffff\u00bb hover_enabled=\u00bb0&#8243; custom_padding=\u00bb|||0px||\u00bb width=\u00bb100%\u00bb]<\/p>\n<p style=\"text-align: center;\">Enviar el voucher de pago a<\/p>\n<p style=\"text-align: center;\"><em>colegiodegeografosdelperu@gmail.com<\/em><\/p>\n<p>[\/et_pb_text][\/et_pb_column][et_pb_column type=\u00bb1_4&#8243; _builder_version=\u00bb4.5.6&#8243; _module_preset=\u00bbdefault\u00bb][et_pb_text _builder_version=\u00bb4.5.6&#8243; _module_preset=\u00bbdefault\u00bb text_text_color=\u00bb#ffffff\u00bb text_line_height=\u00bb1.2em\u00bb]<\/p>\n<p style=\"text-align: center;\">Acercarse al local institucional para inscribirse en el <strong>REGISTRO DE COLEGIADOS<\/strong> y entregar documentos para colegiatura<\/p>\n<p>[\/et_pb_text][\/et_pb_column][\/et_pb_row][\/et_pb_section][et_pb_section fb_built=\u00bb1&#8243; _builder_version=\u00bb4.5.6&#8243; _module_preset=\u00bbdefault\u00bb background_color=\u00bb#000000&#8243; custom_margin=\u00bb-3px|||||\u00bb custom_padding=\u00bb74px|||||\u00bb top_divider_style=\u00bbarrow2&#8243; top_divider_color=\u00bb#08090B\u00bb top_divider_height_tablet=\u00bb0px\u00bb top_divider_height_phone=\u00bb0px\u00bb top_divider_height_last_edited=\u00bbon|desktop\u00bb border_width_all=\u00bb50px\u00bb border_color_all=\u00bb#ffffff\u00bb][et_pb_row column_structure=\u00bb3_5,2_5&#8243; custom_padding_last_edited=\u00bbon|desktop\u00bb _builder_version=\u00bb4.5.6&#8243; _module_preset=\u00bbdefault\u00bb background_color=\u00bb#000000&#8243; width=\u00bb90%\u00bb max_width=\u00bb2621px\u00bb min_height=\u00bb1382px\u00bb height=\u00bb1000px\u00bb max_height=\u00bb1000px\u00bb custom_margin_tablet=\u00bb\u00bb custom_margin_phone=\u00bb\u00bb custom_margin_last_edited=\u00bbon|desktop\u00bb custom_padding=\u00bb10px||21px||false|false\u00bb custom_padding_tablet=\u00bb0px||||false|false\u00bb custom_padding_phone=\u00bb\u00bb][et_pb_column type=\u00bb3_5&#8243; _builder_version=\u00bb4.5.6&#8243; _module_preset=\u00bbdefault\u00bb][et_pb_text _builder_version=\u00bb4.5.6&#8243; _module_preset=\u00bbdefault\u00bb header_font=\u00bb|900|||||||\u00bb header_text_color=\u00bb#000000&#8243; header_font_size=\u00bb35px\u00bb header_letter_spacing=\u00bb3px\u00bb custom_margin=\u00bb||4px|||\u00bb border_width_bottom=\u00bb2px\u00bb border_color_bottom=\u00bb#000000&#8243;]<\/p>\n<h1><span style=\"color: #ffffff;\">Tr\u00e1mite <\/span>para colegiarse<span style=\"font-size: 16px;\">\u00a0<\/span><\/h1>\n<p>[\/et_pb_text][et_pb_text _builder_version=\u00bb4.5.6&#8243; _module_preset=\u00bbdefault\u00bb custom_margin=\u00bb-8px|||||\u00bb custom_padding=\u00bb11px|55px||34px||\u00bb]<\/p>\n<div class=\"et_pb_module et_pb_text et_pb_text_1  et_pb_text_align_left et_pb_bg_layout_light\">\n<div class=\"et_pb_text_inner\">\n<p style=\"text-align: justify;\"><span style=\"color: #ffffff;\">1. Abonar pago por concepto de inscripci\u00f3n al CGP- Colegio de Ge\u00f3grafos del Per\u00fa:<\/span><\/p>\n<p style=\"padding-left: 30px; text-align: justify;\"><span style=\"color: #ffffff;\">Profesional Ge\u00f3grafo con T\u00edtulo expedido en el Per\u00fa: S\/.720.00 (setecientos veinte soles).<\/span><br \/><span style=\"color: #ffffff;\"> Profesional Ge\u00f3grafo con T\u00edtulo expedido en el Extranjero: S\/.1 320.00 (mil trescientos veinte soles).<\/span><\/p>\n<p style=\"text-align: justify;\"><span style=\"color: #ffffff;\">NOTA: El monto abonado, incluye el pago por S\/.120.00 soles que equivalen al pago por adelantado de 06 (seis) cuotas mensuales por el concepto de cuotas ordinarias.<\/span><\/p>\n<p style=\"text-align: justify;\"><span style=\"color: #ffffff;\">2. Enviar el voucher de pago (si se pag\u00f3 en el banco) a los correos electr\u00f3nicos:\u00a0<span style=\"color: #df5327;\"><em><strong><a href=\"mailto:colegiodegeografosdelperu@gmail.com,\" style=\"color: #df5327;\">colegiodegeografosdelperu@gmail.com<\/a><\/strong><\/em><\/span><\/span><\/p>\n<p style=\"text-align: justify;\"><span style=\"color: #ffffff;\">4. Acercarse al local institucional para inscribirse en el REGISTRO DE COLEGIADOS y entregar los siguientes documentos:<\/span><\/p>\n<p>&nbsp;<\/p>\n<\/div>\n<\/div>\n<p>[\/et_pb_text][et_pb_text _builder_version=\u00bb4.5.6&#8243; _module_preset=\u00bbdefault\u00bb header_font=\u00bb|900|||||||\u00bb header_text_color=\u00bb#000000&#8243; header_font_size=\u00bb35px\u00bb header_letter_spacing=\u00bb3px\u00bb custom_margin=\u00bb||21px|||\u00bb border_width_bottom=\u00bb2px\u00bb border_color_bottom=\u00bb#000000&#8243;]<\/p>\n<h1><span style=\"color: #ffffff;\">Documentos para colegiarse<span style=\"font-size: 16px;\">\u00a0<\/span><\/span><\/h1>\n<p>[\/et_pb_text][et_pb_text _builder_version=\u00bb4.5.6&#8243; _module_preset=\u00bbdefault\u00bb custom_margin=\u00bb-15px|||||\u00bb custom_padding=\u00bb|40px||36px||\u00bb]<\/p>\n<div class=\"et_pb_module et_pb_text et_pb_text_1  et_pb_text_align_left et_pb_bg_layout_light\">\n<div class=\"et_pb_text_inner\">\n<h3><\/h3>\n<p><span style=\"font-size: 14px; color: #ffffff;\">1. El CGP realizar\u00e1 la \u00abVerificaci\u00f3n de estar inscrito en el REGISTRO NACIONAL DE GRADOS Y T\u00cdTULOS DE SUNEDU\u00bb<\/span><\/p>\n<p><span style=\"color: #ffffff;\">Alternativamente, en caso el tr\u00e1mite de validaci\u00f3n de SUNEDU a\u00fan est\u00e9 en proceso, podr\u00edan presentar:<\/span><br \/><span style=\"color: #ffffff;\"> a) Copia\u00a0en formato A4 del\u00a0<strong><em>T\u00edtulo Profesional de Ge\u00f3grafo o Licenciado en Geograf\u00eda\u00a0<\/em><\/strong><em>fedateado<\/em>\u00a0por el Secretario General de la Universidad\u00a0 de origen.<\/span><br \/><span style=\"color: #ffffff;\"> b) Copia en formato A4 de la\u00a0<span class=\"su-highlight\"><strong><em>Resoluci\u00f3n Directoral de reconocimiento del t\u00edtulo o grado, emitido por la Superintendencia Nacional de Educaci\u00f3n Superior Universitaria \u2013 SUNEDU,\u00a0<\/em><\/strong><em>legalizada por Notario P\u00fablico. \u00a0<\/em><\/span><\/span><\/p>\n<p><span style=\"color: #ffffff;\">2.\u00a0Dos (2) fotocopias simples del T\u00edtulo profesional de Ge\u00f3grafo o Licenciado en Geograf\u00eda en tama\u00f1o A4.<\/span><\/p>\n<p><span style=\"color: #ffffff;\">3.\u00a0Dos (2) \u00a0fotocopias simples del Grado Acad\u00e9mico de Bachiller en Geograf\u00eda, en formato A4.<\/span><\/p>\n<p><span style=\"color: #ffffff;\">4.\u00a0Cuatro (4) fotos tama\u00f1o carn\u00e9 a color con fondo blanco. Damas: ropa formal. Caballeros: saco y corbata.<\/span><\/p>\n<p><span style=\"color: #ffffff;\">5.\u00a0Dos\u00a0(2)\u00a0fotocopias simples del DNI (nacionales), Dos Fotocopias simples del Carn\u00e9 de Extranjer\u00eda y pasaporte (extranjeros).<\/span><\/p>\n<p><span style=\"color: #ffffff;\">6.\u00a0Resumen de hoja de vida (curr\u00edculum simple en formato impreso y digital).<\/span><\/p>\n<p><span style=\"color: #ffffff;\">7.\u00a0Fotocopia simple del voucher con los pagos\u00a0 efectuados.<\/span><\/p>\n<p><span style=\"color: #ffffff;\">8. Adjuntar los documentos en una mica portapapeles transparente formato A4.<\/span><\/p>\n<\/div>\n<\/div>\n<p>[\/et_pb_text][\/et_pb_column][et_pb_column type=\u00bb2_5&#8243; _builder_version=\u00bb4.5.6&#8243; _module_preset=\u00bbdefault\u00bb][et_pb_text _builder_version=\u00bb4.5.6&#8243; _module_preset=\u00bbdefault\u00bb text_text_color=\u00bb#000000&#8243; header_font=\u00bb|900|||||||\u00bb header_text_color=\u00bb#000000&#8243; header_font_size=\u00bb35px\u00bb header_letter_spacing=\u00bb3px\u00bb custom_margin=\u00bb||14px|||\u00bb border_width_bottom=\u00bb2px\u00bb border_color_bottom=\u00bb#000000&#8243;]<\/p>\n<h1><span style=\"color: #ffffff;\">Pagos<\/span><\/h1>\n<p>[\/et_pb_text][et_pb_text _builder_version=\u00bb4.5.6&#8243; _module_preset=\u00bbdefault\u00bb background_color=\u00bb#ffffff\u00bb custom_margin=\u00bb25px||50px|||\u00bb custom_padding=\u00bb43px|59px|52px|75px||\u00bb]<\/p>\n<p><strong>COMUNICADO: CUENTA DE RECAUDACI\u00d3N PROVISIONAL<\/strong><\/p>\n<p>Estimados colegas,<\/p>\n<p>Se informa que, debido a que el actual Consejo Directivo (2026-2027) se encuentra en proceso de inscripci\u00f3n formal ante la <strong>SUNARP<\/strong>, a\u00fan no se cuenta con el acceso a las cuentas bancarias institucionales del CGP.<\/p>\n<p>Por tal motivo, para garantizar la operatividad del Colegio, los pagos se recibir\u00e1n <strong>de manera provisional<\/strong> en la siguiente cuenta personal a nombre de nuestro Tesorero:<\/p>\n<p><strong>BANCO DE CR\u00c9DITO DEL PER\u00da (BCP)<\/strong> <strong>Titular:<\/strong><\/p>\n<p>Ra\u00fal Delgado Alvino (Tesorero del CGP)<\/p>\n<ul>\n<li><strong>N\u00b0 de Cuenta:<\/strong> <strong>191-13455990-0-07<\/strong><\/li>\n<li><strong>CCI:<\/strong> <strong>002-191-113455990007-57<\/strong><\/li>\n<\/ul>\n<p><strong>RECOMENDACIONES PARA PAGOS:<\/strong><\/p>\n<ul>\n<li>Se recomienda realizar <strong>transferencias bancarias (V\u00eda App o Web)<\/strong> utilizando el n\u00famero de cuenta (mismo banco) o el CCI (desde otros bancos) para evitar el cobro de comisiones por dep\u00f3sitos en ventanilla o agentes de otras provincias.<\/li>\n<\/ul>\n<p><strong>ATENCI\u00d3N PRESENCIAL<\/strong> Tambi\u00e9n pueden realizar sus tr\u00e1mites en nuestro local institucional:<\/p>\n<ul>\n<li><strong>Direcci\u00f3n:<\/strong> Jr. Restauraci\u00f3n 545. Bre\u00f1a<\/li>\n<li><em>Presencial: Lunes, miercoles, viernes y sabado 10:00 am &#8211; 17:00 pm<\/em><\/li>\n<li><em>Virtual: Martes y jueves 09:00 am &#8211; 17:00 pm<\/em><\/li>\n<li><strong>Tel\u00e9fono:<\/strong> 910 577 794<\/li>\n<\/ul>\n<p>Agradecemos su comprensi\u00f3n y colaboraci\u00f3n durante este periodo de transici\u00f3n.<\/p>\n<p><strong>Consejo Directivo 2026-2027<\/strong><\/p>\n<p>[\/et_pb_text][dsm_embed_google_map address=\u00bbJr. Restauraci\u00f3n 545&#8243; zoom=\u00bb16&#8243; _builder_version=\u00bb4.5.6&#8243; _module_preset=\u00bbdefault\u00bb height=\u00bb534px\u00bb filter_sepia__hover_enabled=\u00bbon|desktop\u00bb][\/dsm_embed_google_map][\/et_pb_column][\/et_pb_row][\/et_pb_section]<\/p>\n","protected":false},"excerpt":{"rendered":"<p>[et_pb_section fb_built=\u00bb1&#8243; disabled_on=\u00bbon|on|off\u00bb _builder_version=\u00bb4.5.6&#8243; _module_preset=\u00bbdefault\u00bb background_image=\u00bbhttp:\/\/cgp.org.pe\/web\/wp-content\/uploads\/2021\/11\/fondob.jpg\u00bb background_position=\u00bbbottom_left\u00bb top_divider_color=\u00bb#000000&#8243; bottom_divider_color=\u00bb#21ba8f\u00bb custom_css_main_element=\u00bb height: 100vh;\u00bb collapsed=\u00bboff\u00bb][et_pb_row column_structure=\u00bb1_4,3_4&#8243; use_custom_gutter=\u00bbon\u00bb gutter_width=\u00bb2&#8243; _builder_version=\u00bb4.5.6&#8243; _module_preset=\u00bbdefault\u00bb width=\u00bb85%\u00bb max_width=\u00bb2560px\u00bb][et_pb_column type=\u00bb1_4&#8243; _builder_version=\u00bb4.5.6&#8243; _module_preset=\u00bbdefault\u00bb][et_pb_image src=\u00bbhttp:\/\/cgp.org.pe\/web\/wp-content\/uploads\/2024\/07\/ISOTIPO-removebg-preview.png\u00bb _builder_version=\u00bb4.5.6&#8243; _module_preset=\u00bbdefault\u00bb custom_margin=\u00bb|1px||||\u00bb][\/et_pb_image][\/et_pb_column][et_pb_column type=\u00bb3_4&#8243; _builder_version=\u00bb4.5.6&#8243; _module_preset=\u00bbdefault\u00bb][et_pb_text _builder_version=\u00bb4.5.6&#8243; _module_preset=\u00bbdefault\u00bb header_font=\u00bb|300|||||||\u00bb header_text_color=\u00bb#000000&#8243; header_font_size=\u00bb77px\u00bb custom_margin=\u00bb||18px|||\u00bb custom_padding=\u00bb1%||||false|false\u00bb header_text_shadow_style=\u00bbpreset1&#8243;] Colegiatura [\/et_pb_text][et_pb_text _builder_version=\u00bb4.5.6&#8243; _module_preset=\u00bbdefault\u00bb header_font=\u00bbCourgette|300|||||||\u00bb header_text_color=\u00bb#ffffff\u00bb header_font_size=\u00bb55px\u00bb custom_padding=\u00bb5px|||||\u00bb header_text_shadow_style=\u00bbpreset1&#8243;] Pasos para colegiarse [\/et_pb_text][\/et_pb_column][\/et_pb_row][et_pb_row column_structure=\u00bb1_4,1_4,1_4,1_4&#8243; _builder_version=\u00bb4.5.6&#8243; _module_preset=\u00bbdefault\u00bb width=\u00bb55%\u00bb [&hellip;]<\/p>\n","protected":false},"author":1,"featured_media":0,"parent":0,"menu_order":0,"comment_status":"closed","ping_status":"closed","template":"","meta":{"_et_pb_use_builder":"on","_et_pb_old_content":"<!-- wp:divi\/placeholder \/-->","_et_gb_content_width":"","footnotes":""},"class_list":["post-23","page","type-page","status-publish","hentry"],"_links":{"self":[{"href":"https:\/\/cgp.org.pe\/web\/wp-json\/wp\/v2\/pages\/23","targetHints":{"allow":["GET"]}}],"collection":[{"href":"https:\/\/cgp.org.pe\/web\/wp-json\/wp\/v2\/pages"}],"about":[{"href":"https:\/\/cgp.org.pe\/web\/wp-json\/wp\/v2\/types\/page"}],"author":[{"embeddable":true,"href":"https:\/\/cgp.org.pe\/web\/wp-json\/wp\/v2\/users\/1"}],"replies":[{"embeddable":true,"href":"https:\/\/cgp.org.pe\/web\/wp-json\/wp\/v2\/comments?post=23"}],"version-history":[{"count":42,"href":"https:\/\/cgp.org.pe\/web\/wp-json\/wp\/v2\/pages\/23\/revisions"}],"predecessor-version":[{"id":5517,"href":"https:\/\/cgp.org.pe\/web\/wp-json\/wp\/v2\/pages\/23\/revisions\/5517"}],"wp:attachment":[{"href":"https:\/\/cgp.org.pe\/web\/wp-json\/wp\/v2\/media?parent=23"}],"curies":[{"name":"wp","href":"https:\/\/api.w.org\/{rel}","templated":true}]}}